{"id":5838,"date":"2021-11-23T05:44:26","date_gmt":"2021-11-23T05:44:26","guid":{"rendered":"https:\/\/acmetextiles.com\/de\/?post_type=product&#038;p=5838"},"modified":"2025-05-09T14:22:21","modified_gmt":"2025-05-09T14:22:21","slug":"frotteehandtucher","status":"publish","type":"product","link":"https:\/\/acmetextiles.com\/de\/product\/frotteehandtucher\/","title":{"rendered":"Frotteehandtucher"},"content":{"rendered":"<div style=\"overflow-x: auto;\">\n<table>\n<tbody>\n<tr>\n<th style=\"background: #eee;\">ITEM CODE<\/th>\n<th style=\"background: #eee;\">DESCRIPTION<\/th>\n<th style=\"background: #eee;\">SIZE<\/th>\n<th style=\"background: #eee;\">WEIGHT<\/th>\n<th style=\"background: #eee;\">PACKING (PIECES\/CASE)<\/th>\n<\/tr>\n<tr>\n<td style=\"text-align: center;\">010301<\/td>\n<td style=\"text-align: center;\">Wash Cloth<\/td>\n<td style=\"text-align: center;\">12 x 12 in<br \/>\n30 x 30 cm<\/td>\n<td style=\"text-align: center;\">1.00 lbs<\/td>\n<td style=\"text-align: center;\">300<\/td>\n<\/tr>\n<tr style=\"background: #eee;\">\n<td style=\"text-align: center;\">010302<\/td>\n<td style=\"text-align: center;\">Hand Towel<\/td>\n<td style=\"text-align: center;\">16 x 27 in<br \/>\n41\u00a0 x 68 cm<\/td>\n<td style=\"text-align: center;\">3.00 lbs<\/td>\n<td style=\"text-align: center;\">120<\/td>\n<\/tr>\n<tr>\n<td style=\"text-align: center;\">010304<\/td>\n<td style=\"text-align: center;\">Bath Towel<\/td>\n<td style=\"text-align: center;\">24 x 48 in<br \/>\n61 x 122 cm<\/td>\n<td style=\"text-align: center;\">8.00 lbs<\/td>\n<td style=\"text-align: center;\">60<\/td>\n<\/tr>\n<tr style=\"background: #eee;\">\n<td style=\"text-align: center;\">010305<\/td>\n<td style=\"text-align: center;\">Bath Towel<\/td>\n<td style=\"text-align: center;\">24 x 50 in<br \/>\n61 x 127 cm<\/td>\n<td style=\"text-align: center;\">10.50 lbs<\/td>\n<td style=\"text-align: center;\">60<\/td>\n<\/tr>\n<tr>\n<td style=\"text-align: center;\">010307<\/td>\n<td style=\"text-align: center;\">Bath Towel<\/td>\n<td style=\"text-align: center;\">27 x 54 in<br \/>\n69 x 137 cm<\/td>\n<td style=\"text-align: center;\">13.50 lbs<\/td>\n<td style=\"text-align: center;\">60<\/td>\n<\/tr>\n<tr style=\"background: #eee;\">\n<td style=\"text-align: center;\">010308<\/td>\n<td style=\"text-align: center;\">Bath Mat (Rug Style)<\/td>\n<td style=\"text-align: center;\">20 x 30 in<br \/>\n51 x 76 cm<\/td>\n<td style=\"text-align: center;\">7.00 lbs<\/td>\n<td style=\"text-align: center;\">60<\/td>\n<\/tr>\n<\/tbody>\n<\/table>\n<\/div>\n<p><strong>Note:<\/strong> All items can be customized as per your weight, size, color, fabric, and other design-related requirements.<\/p>\n<p><strong>Additional Information<\/strong><\/p>\n<ul>\n<li>With loops of 100% cotton and 86\/14 blend in the base, these towels are a perfect combination of comfort and durability.<\/li>\n<li>Economy Towels are engineered for high absorbency, durability, and superior performance even after multiple institutional laundering.<\/li>\n<li>Every Economy Towel is crafted with double-needle stitching with a minimum of 7 stitches, which makes them highly durable.<\/li>\n<li>Quality tests have shown that our Economy Towels give a significantly higher number of washes than other comparable brands due to their superior stitching quality and poly-cotton blend.<\/li>\n<li>Used in motels, healthcare, fitness, and other economy hospitality institutions.<\/li>\n<\/ul>\n","protected":false},"excerpt":{"rendered":"<ul>\n<li>Made from 86% cotton &amp;amp; 14% polyester for long-lasting durability &amp;amp; resiliency.<\/li>\n<li>Ultra absorbent with 100% cotton loops.<\/li>\n<li>Most affordable price without compromising quality.<\/li>\n<li>Clean cam border design for a sober look.<\/li>\n<li>Double-needle stitched to prevent unraveling, ensuring long-lasting durability.<\/li>\n<\/ul>\n","protected":false},"featured_media":5839,"comment_status":"closed","ping_status":"closed","template":"","meta":{"_acf_changed":false},"product_brand":[],"product_cat":[53,52],"product_tag":[],"class_list":{"0":"post-5838","1":"product","2":"type-product","3":"status-publish","4":"has-post-thumbnail","6":"product_cat-frotteehandtucher","7":"product_cat-towels","9":"first","10":"instock","11":"shipping-taxable","12":"product-type-simple"},"acf":[],"yoast_head":"<!-- This site is optimized with the Yoast SEO plugin v27.3 - https:\/\/yoast.com\/product\/yoast-seo-wordpress\/ -->\n<title>Frotteehandt\u00fccher | Gro\u00dfhandel<\/title>\n<meta name=\"description\" content=\"Acme Textiles ist f\u00fchrender Hersteller und globaler Exporteur von Frotteehandt\u00fcchern \u2013 weich, saugf\u00e4hig &amp; ideal f\u00fcr Gewerbe weltweit.\" \/>\n<meta name=\"robots\" content=\"index, follow, max-snippet:-1, max-image-preview:large, max-video-preview:-1\" \/>\n<link rel=\"canonical\" href=\"https:\/\/acmetextiles.com\/de\/product\/frotteehandtucher\/\" \/>\n<meta property=\"og:locale\" content=\"en_US\" \/>\n<meta property=\"og:type\" content=\"article\" \/>\n<meta property=\"og:title\" content=\"Frotteehandt\u00fccher | Gro\u00dfhandel\" \/>\n<meta property=\"og:description\" content=\"Acme Textiles ist f\u00fchrender Hersteller und globaler Exporteur von Frotteehandt\u00fcchern \u2013 weich, saugf\u00e4hig &amp; ideal f\u00fcr Gewerbe weltweit.\" \/>\n<meta property=\"og:url\" content=\"https:\/\/acmetextiles.com\/de\/product\/frotteehandtucher\/\" \/>\n<meta property=\"og:site_name\" content=\"Acme Textiles\" \/>\n<meta property=\"article:publisher\" content=\"https:\/\/www.facebook.com\/ACME-Mills-Private-Limited-172715946475693\/\" \/>\n<meta property=\"article:modified_time\" content=\"2025-05-09T14:22:21+00:00\" \/>\n<meta property=\"og:image\" content=\"https:\/\/acmetextiles.com\/de\/wp-content\/uploads\/2025\/04\/Economy-Towels.jpg\" \/>\n\t<meta property=\"og:image:width\" content=\"1000\" \/>\n\t<meta property=\"og:image:height\" content=\"1000\" \/>\n\t<meta property=\"og:image:type\" content=\"image\/jpeg\" \/>\n<meta name=\"twitter:card\" content=\"summary_large_image\" \/>\n<meta name=\"twitter:label1\" content=\"Est. reading time\" \/>\n\t<meta name=\"twitter:data1\" content=\"2 minutes\" \/>\n<script type=\"application\/ld+json\" class=\"yoast-schema-graph\">{\"@context\":\"https:\\\/\\\/schema.org\",\"@graph\":[{\"@type\":\"WebPage\",\"@id\":\"https:\\\/\\\/acmetextiles.com\\\/de\\\/product\\\/frotteehandtucher\\\/\",\"url\":\"https:\\\/\\\/acmetextiles.com\\\/de\\\/product\\\/frotteehandtucher\\\/\",\"name\":\"Frotteehandt\u00fccher | Gro\u00dfhandel\",\"isPartOf\":{\"@id\":\"https:\\\/\\\/acmetextiles.com\\\/de\\\/#website\"},\"primaryImageOfPage\":{\"@id\":\"https:\\\/\\\/acmetextiles.com\\\/de\\\/product\\\/frotteehandtucher\\\/#primaryimage\"},\"image\":{\"@id\":\"https:\\\/\\\/acmetextiles.com\\\/de\\\/product\\\/frotteehandtucher\\\/#primaryimage\"},\"thumbnailUrl\":\"https:\\\/\\\/acmetextiles.com\\\/de\\\/wp-content\\\/uploads\\\/2025\\\/04\\\/Economy-Towels.jpg\",\"datePublished\":\"2021-11-23T05:44:26+00:00\",\"dateModified\":\"2025-05-09T14:22:21+00:00\",\"description\":\"Acme Textiles ist f\u00fchrender Hersteller und globaler Exporteur von Frotteehandt\u00fcchern \u2013 weich, saugf\u00e4hig & ideal f\u00fcr Gewerbe weltweit.\",\"breadcrumb\":{\"@id\":\"https:\\\/\\\/acmetextiles.com\\\/de\\\/product\\\/frotteehandtucher\\\/#breadcrumb\"},\"inLanguage\":\"en-US\",\"potentialAction\":[{\"@type\":\"ReadAction\",\"target\":[\"https:\\\/\\\/acmetextiles.com\\\/de\\\/product\\\/frotteehandtucher\\\/\"]}]},{\"@type\":\"ImageObject\",\"inLanguage\":\"en-US\",\"@id\":\"https:\\\/\\\/acmetextiles.com\\\/de\\\/product\\\/frotteehandtucher\\\/#primaryimage\",\"url\":\"https:\\\/\\\/acmetextiles.com\\\/de\\\/wp-content\\\/uploads\\\/2025\\\/04\\\/Economy-Towels.jpg\",\"contentUrl\":\"https:\\\/\\\/acmetextiles.com\\\/de\\\/wp-content\\\/uploads\\\/2025\\\/04\\\/Economy-Towels.jpg\",\"width\":1000,\"height\":1000,\"caption\":\"Frotteehandtucher\"},{\"@type\":\"BreadcrumbList\",\"@id\":\"https:\\\/\\\/acmetextiles.com\\\/de\\\/product\\\/frotteehandtucher\\\/#breadcrumb\",\"itemListElement\":[{\"@type\":\"ListItem\",\"position\":1,\"name\":\"Home\",\"item\":\"https:\\\/\\\/acmetextiles.com\\\/de\\\/\"},{\"@type\":\"ListItem\",\"position\":2,\"name\":\"Shop\",\"item\":\"https:\\\/\\\/acmetextiles.com\\\/de\\\/shop\\\/\"},{\"@type\":\"ListItem\",\"position\":3,\"name\":\"Frotteehandtucher\"}]},{\"@type\":\"WebSite\",\"@id\":\"https:\\\/\\\/acmetextiles.com\\\/de\\\/#website\",\"url\":\"https:\\\/\\\/acmetextiles.com\\\/de\\\/\",\"name\":\"Acme Textiles\",\"description\":\"\",\"publisher\":{\"@id\":\"https:\\\/\\\/acmetextiles.com\\\/de\\\/#organization\"},\"potentialAction\":[{\"@type\":\"SearchAction\",\"target\":{\"@type\":\"EntryPoint\",\"urlTemplate\":\"https:\\\/\\\/acmetextiles.com\\\/de\\\/?s={search_term_string}\"},\"query-input\":{\"@type\":\"PropertyValueSpecification\",\"valueRequired\":true,\"valueName\":\"search_term_string\"}}],\"inLanguage\":\"en-US\"},{\"@type\":\"Organization\",\"@id\":\"https:\\\/\\\/acmetextiles.com\\\/de\\\/#organization\",\"name\":\"Acme Textiles\",\"url\":\"https:\\\/\\\/acmetextiles.com\\\/de\\\/\",\"logo\":{\"@type\":\"ImageObject\",\"inLanguage\":\"en-US\",\"@id\":\"https:\\\/\\\/acmetextiles.com\\\/de\\\/#\\\/schema\\\/logo\\\/image\\\/\",\"url\":\"https:\\\/\\\/acmetextiles.com\\\/de\\\/wp-content\\\/uploads\\\/2018\\\/07\\\/logo.png\",\"contentUrl\":\"https:\\\/\\\/acmetextiles.com\\\/de\\\/wp-content\\\/uploads\\\/2018\\\/07\\\/logo.png\",\"width\":880,\"height\":333,\"caption\":\"Acme Textiles\"},\"image\":{\"@id\":\"https:\\\/\\\/acmetextiles.com\\\/de\\\/#\\\/schema\\\/logo\\\/image\\\/\"},\"sameAs\":[\"https:\\\/\\\/www.facebook.com\\\/ACME-Mills-Private-Limited-172715946475693\\\/\",\"https:\\\/\\\/www.linkedin.com\\\/company\\\/13195014\\\/admin\\\/feed\\\/posts\\\/\",\"https:\\\/\\\/www.instagram.com\\\/acmemills.pvt.ltd\\\/\"]}]}<\/script>\n<!-- \/ Yoast SEO plugin. -->","yoast_head_json":{"title":"Frotteehandt\u00fccher | Gro\u00dfhandel","description":"Acme Textiles ist f\u00fchrender Hersteller und globaler Exporteur von Frotteehandt\u00fcchern \u2013 weich, saugf\u00e4hig & ideal f\u00fcr Gewerbe weltweit.","robots":{"index":"index","follow":"follow","max-snippet":"max-snippet:-1","max-image-preview":"max-image-preview:large","max-video-preview":"max-video-preview:-1"},"canonical":"https:\/\/acmetextiles.com\/de\/product\/frotteehandtucher\/","og_locale":"en_US","og_type":"article","og_title":"Frotteehandt\u00fccher | Gro\u00dfhandel","og_description":"Acme Textiles ist f\u00fchrender Hersteller und globaler Exporteur von Frotteehandt\u00fcchern \u2013 weich, saugf\u00e4hig & ideal f\u00fcr Gewerbe weltweit.","og_url":"https:\/\/acmetextiles.com\/de\/product\/frotteehandtucher\/","og_site_name":"Acme Textiles","article_publisher":"https:\/\/www.facebook.com\/ACME-Mills-Private-Limited-172715946475693\/","article_modified_time":"2025-05-09T14:22:21+00:00","og_image":[{"width":1000,"height":1000,"url":"https:\/\/acmetextiles.com\/de\/wp-content\/uploads\/2025\/04\/Economy-Towels.jpg","type":"image\/jpeg"}],"twitter_card":"summary_large_image","twitter_misc":{"Est. reading time":"2 minutes"},"schema":{"@context":"https:\/\/schema.org","@graph":[{"@type":"WebPage","@id":"https:\/\/acmetextiles.com\/de\/product\/frotteehandtucher\/","url":"https:\/\/acmetextiles.com\/de\/product\/frotteehandtucher\/","name":"Frotteehandt\u00fccher | Gro\u00dfhandel","isPartOf":{"@id":"https:\/\/acmetextiles.com\/de\/#website"},"primaryImageOfPage":{"@id":"https:\/\/acmetextiles.com\/de\/product\/frotteehandtucher\/#primaryimage"},"image":{"@id":"https:\/\/acmetextiles.com\/de\/product\/frotteehandtucher\/#primaryimage"},"thumbnailUrl":"https:\/\/acmetextiles.com\/de\/wp-content\/uploads\/2025\/04\/Economy-Towels.jpg","datePublished":"2021-11-23T05:44:26+00:00","dateModified":"2025-05-09T14:22:21+00:00","description":"Acme Textiles ist f\u00fchrender Hersteller und globaler Exporteur von Frotteehandt\u00fcchern \u2013 weich, saugf\u00e4hig & ideal f\u00fcr Gewerbe weltweit.","breadcrumb":{"@id":"https:\/\/acmetextiles.com\/de\/product\/frotteehandtucher\/#breadcrumb"},"inLanguage":"en-US","potentialAction":[{"@type":"ReadAction","target":["https:\/\/acmetextiles.com\/de\/product\/frotteehandtucher\/"]}]},{"@type":"ImageObject","inLanguage":"en-US","@id":"https:\/\/acmetextiles.com\/de\/product\/frotteehandtucher\/#primaryimage","url":"https:\/\/acmetextiles.com\/de\/wp-content\/uploads\/2025\/04\/Economy-Towels.jpg","contentUrl":"https:\/\/acmetextiles.com\/de\/wp-content\/uploads\/2025\/04\/Economy-Towels.jpg","width":1000,"height":1000,"caption":"Frotteehandtucher"},{"@type":"BreadcrumbList","@id":"https:\/\/acmetextiles.com\/de\/product\/frotteehandtucher\/#breadcrumb","itemListElement":[{"@type":"ListItem","position":1,"name":"Home","item":"https:\/\/acmetextiles.com\/de\/"},{"@type":"ListItem","position":2,"name":"Shop","item":"https:\/\/acmetextiles.com\/de\/shop\/"},{"@type":"ListItem","position":3,"name":"Frotteehandtucher"}]},{"@type":"WebSite","@id":"https:\/\/acmetextiles.com\/de\/#website","url":"https:\/\/acmetextiles.com\/de\/","name":"Acme Textiles","description":"","publisher":{"@id":"https:\/\/acmetextiles.com\/de\/#organization"},"potentialAction":[{"@type":"SearchAction","target":{"@type":"EntryPoint","urlTemplate":"https:\/\/acmetextiles.com\/de\/?s={search_term_string}"},"query-input":{"@type":"PropertyValueSpecification","valueRequired":true,"valueName":"search_term_string"}}],"inLanguage":"en-US"},{"@type":"Organization","@id":"https:\/\/acmetextiles.com\/de\/#organization","name":"Acme Textiles","url":"https:\/\/acmetextiles.com\/de\/","logo":{"@type":"ImageObject","inLanguage":"en-US","@id":"https:\/\/acmetextiles.com\/de\/#\/schema\/logo\/image\/","url":"https:\/\/acmetextiles.com\/de\/wp-content\/uploads\/2018\/07\/logo.png","contentUrl":"https:\/\/acmetextiles.com\/de\/wp-content\/uploads\/2018\/07\/logo.png","width":880,"height":333,"caption":"Acme Textiles"},"image":{"@id":"https:\/\/acmetextiles.com\/de\/#\/schema\/logo\/image\/"},"sameAs":["https:\/\/www.facebook.com\/ACME-Mills-Private-Limited-172715946475693\/","https:\/\/www.linkedin.com\/company\/13195014\/admin\/feed\/posts\/","https:\/\/www.instagram.com\/acmemills.pvt.ltd\/"]}]}},"_links":{"self":[{"href":"https:\/\/acmetextiles.com\/de\/wp-json\/wp\/v2\/product\/5838","targetHints":{"allow":["GET"]}}],"collection":[{"href":"https:\/\/acmetextiles.com\/de\/wp-json\/wp\/v2\/product"}],"about":[{"href":"https:\/\/acmetextiles.com\/de\/wp-json\/wp\/v2\/types\/product"}],"replies":[{"embeddable":true,"href":"https:\/\/acmetextiles.com\/de\/wp-json\/wp\/v2\/comments?post=5838"}],"wp:featuredmedia":[{"embeddable":true,"href":"https:\/\/acmetextiles.com\/de\/wp-json\/wp\/v2\/media\/5839"}],"wp:attachment":[{"href":"https:\/\/acmetextiles.com\/de\/wp-json\/wp\/v2\/media?parent=5838"}],"wp:term":[{"taxonomy":"product_brand","embeddable":true,"href":"https:\/\/acmetextiles.com\/de\/wp-json\/wp\/v2\/product_brand?post=5838"},{"taxonomy":"product_cat","embeddable":true,"href":"https:\/\/acmetextiles.com\/de\/wp-json\/wp\/v2\/product_cat?post=5838"},{"taxonomy":"product_tag","embeddable":true,"href":"https:\/\/acmetextiles.com\/de\/wp-json\/wp\/v2\/product_tag?post=5838"}],"curies":[{"name":"wp","href":"https:\/\/api.w.org\/{rel}","templated":true}]}}