{"id":5855,"date":"2021-11-23T05:44:27","date_gmt":"2021-11-23T05:44:27","guid":{"rendered":"https:\/\/acmetextiles.com\/de\/?post_type=product&#038;p=5855"},"modified":"2025-05-09T14:22:49","modified_gmt":"2025-05-09T14:22:49","slug":"handtucher-plantinum","status":"publish","type":"product","link":"https:\/\/acmetextiles.com\/de\/product\/handtucher-plantinum\/","title":{"rendered":"Handtucher Plantinum"},"content":{"rendered":"<div style=\"overflow-x: auto;\">\n<table>\n<tbody>\n<tr>\n<th style=\"background: #eee;\">ITEM CODE<\/th>\n<th style=\"background: #eee;\">DESCRIPTION<\/th>\n<th style=\"background: #eee;\">SIZE<\/th>\n<th style=\"background: #eee;\">WEIGHT<\/th>\n<th style=\"background: #eee;\">PACKING (PIECES\/CASE)<\/th>\n<\/tr>\n<tr>\n<td style=\"text-align: center;\">010101<\/td>\n<td style=\"text-align: center;\">Wash Cloth<\/td>\n<td style=\"text-align: center;\">12 x 12 in<br \/>\n30 x 30 cm<\/td>\n<td style=\"text-align: center;\">1.00 lbs<\/td>\n<td style=\"text-align: center;\">300<\/td>\n<\/tr>\n<tr style=\"background: #eee;\">\n<td style=\"text-align: center;\">010102<\/td>\n<td style=\"text-align: center;\">Wash Cloth<\/td>\n<td style=\"text-align: center;\">13 x 13 in<br \/>\n33 x 33 cm<\/td>\n<td style=\"text-align: center;\">1.50 lbs<\/td>\n<td style=\"text-align: center;\">300<\/td>\n<\/tr>\n<tr>\n<td style=\"text-align: center;\">010103<\/td>\n<td style=\"text-align: center;\">Hand Towel<\/td>\n<td style=\"text-align: center;\">16 x 27 in<br \/>\n41 x 68 cm<\/td>\n<td style=\"text-align: center;\">3.00 lbs<\/td>\n<td style=\"text-align: center;\">120<\/td>\n<\/tr>\n<tr style=\"background: #eee;\">\n<td style=\"text-align: center;\">010104<\/td>\n<td style=\"text-align: center;\">Hand Towel<\/td>\n<td style=\"text-align: center;\">16 x 30 in<br \/>\n41 x 76 cm<\/td>\n<td style=\"text-align: center;\">4.50 lbs<\/td>\n<td style=\"text-align: center;\">120<\/td>\n<\/tr>\n<tr>\n<td style=\"text-align: center;\">010105<\/td>\n<td style=\"text-align: center;\">Bath Towel<\/td>\n<td style=\"text-align: center;\">24 x 50 in<br \/>\n61 x 127 cm<\/td>\n<td style=\"text-align: center;\">10.50 lbs<\/td>\n<td style=\"text-align: center;\">60<\/td>\n<\/tr>\n<tr style=\"background: #eee;\">\n<td style=\"text-align: center;\">010109<\/td>\n<td style=\"text-align: center;\">Bath Towel<\/td>\n<td style=\"text-align: center;\">27 x 50 in<br \/>\n69 x 127 cm<\/td>\n<td style=\"text-align: center;\">12.00 lbs<\/td>\n<td style=\"text-align: center;\">36<\/td>\n<\/tr>\n<tr>\n<td style=\"text-align: center;\">010106<\/td>\n<td style=\"text-align: center;\">Bath Towel<\/td>\n<td style=\"text-align: center;\">27 x 54 in<br \/>\n69 x 137 cm<\/td>\n<td style=\"text-align: center;\">15.00 lbs<\/td>\n<td style=\"text-align: center;\">36<\/td>\n<\/tr>\n<tr style=\"background: #eee;\">\n<td style=\"text-align: center;\">010107<\/td>\n<td style=\"text-align: center;\">Bath Towel<\/td>\n<td style=\"text-align: center;\">30 x 56 in<br \/>\n76 x 142 cm<\/td>\n<td style=\"text-align: center;\">18.00 lbs<\/td>\n<td style=\"text-align: center;\">36<\/td>\n<\/tr>\n<\/tbody>\n<\/table>\n<\/div>\n<p><strong>Note:<\/strong> All items can be customized as per your weight, size, color, fabric, and other design-related requirements.<\/p>\n<p><strong>Additional Information<\/strong><\/p>\n<ul>\n<li>Platinum Towels is purely made of 100% Ring Spun Cotton yarn and a twill dobby border.<\/li>\n<li>They also feature double-needle premium stitching, which prevents fraying from constant use and institutional laundering.<\/li>\n<li>These washcloths are the best standard cotton face towels for your property that feature softness, high absorbency, and long-lasting durability.<\/li>\n<li>Our Platinum Washcloth offers your guests a higher quality of towel than the economy and is even softer and fluffier due to their tightly woven 100% cotton loops.<\/li>\n<li>Great standard and long-lasting choice in long-staple cotton towels for casual to upscale locations like for motels, hotels, and healthcare facilities.<\/li>\n<\/ul>\n","protected":false},"excerpt":{"rendered":"<ul>\n<li>Ideal towel for hotels &amp;amp; resorts.<\/li>\n<li>Ultimate blend of luxury &amp;amp; comfort at a very attractive price.<\/li>\n<li>Very soft and fluffy due to 100% cotton loops and 100% cotton base.<\/li>\n<li>Elegant twill dobby border enhances the room\u2019s ambiance.<\/li>\n<li>These towels are lightweight, fast-drying, and cost-effective.<\/li>\n<\/ul>\n","protected":false},"featured_media":5856,"comment_status":"closed","ping_status":"closed","template":"","meta":{"_acf_changed":false},"product_brand":[],"product_cat":[54,52],"product_tag":[],"class_list":{"0":"post-5855","1":"product","2":"type-product","3":"status-publish","4":"has-post-thumbnail","6":"product_cat-handtucher-platinum","7":"product_cat-towels","9":"first","10":"instock","11":"shipping-taxable","12":"product-type-simple"},"acf":[],"yoast_head":"<!-- This site is optimized with the Yoast SEO plugin v27.3 - https:\/\/yoast.com\/product\/yoast-seo-wordpress\/ -->\n<title>Weiche Handt\u00fccher | Flauschige Handt\u00fccher<\/title>\n<meta name=\"description\" content=\"Acme Textiles \u2013 Ihr Partner f\u00fcr flauschige Handt\u00fccher in bester Qualit\u00e4t. Gro\u00dfhandel &amp; Export weltweit.\" \/>\n<meta name=\"robots\" content=\"index, follow, max-snippet:-1, max-image-preview:large, max-video-preview:-1\" \/>\n<link rel=\"canonical\" href=\"https:\/\/acmetextiles.com\/de\/product\/handtucher-plantinum\/\" \/>\n<meta property=\"og:locale\" content=\"en_US\" \/>\n<meta property=\"og:type\" content=\"article\" \/>\n<meta property=\"og:title\" content=\"Weiche Handt\u00fccher | Flauschige Handt\u00fccher\" \/>\n<meta property=\"og:description\" content=\"Acme Textiles \u2013 Ihr Partner f\u00fcr flauschige Handt\u00fccher in bester Qualit\u00e4t. Gro\u00dfhandel &amp; Export weltweit.\" \/>\n<meta property=\"og:url\" content=\"https:\/\/acmetextiles.com\/de\/product\/handtucher-plantinum\/\" \/>\n<meta property=\"og:site_name\" content=\"Acme Textiles\" \/>\n<meta property=\"article:publisher\" content=\"https:\/\/www.facebook.com\/ACME-Mills-Private-Limited-172715946475693\/\" \/>\n<meta property=\"article:modified_time\" content=\"2025-05-09T14:22:49+00:00\" \/>\n<meta property=\"og:image\" content=\"https:\/\/acmetextiles.com\/de\/wp-content\/uploads\/2025\/04\/Platinium-Towles.jpg\" \/>\n\t<meta property=\"og:image:width\" content=\"1000\" \/>\n\t<meta property=\"og:image:height\" content=\"1000\" \/>\n\t<meta property=\"og:image:type\" content=\"image\/jpeg\" \/>\n<meta name=\"twitter:card\" content=\"summary_large_image\" \/>\n<meta name=\"twitter:label1\" content=\"Est. reading time\" \/>\n\t<meta name=\"twitter:data1\" content=\"2 minutes\" \/>\n<script type=\"application\/ld+json\" class=\"yoast-schema-graph\">{\"@context\":\"https:\\\/\\\/schema.org\",\"@graph\":[{\"@type\":\"WebPage\",\"@id\":\"https:\\\/\\\/acmetextiles.com\\\/de\\\/product\\\/handtucher-plantinum\\\/\",\"url\":\"https:\\\/\\\/acmetextiles.com\\\/de\\\/product\\\/handtucher-plantinum\\\/\",\"name\":\"Weiche Handt\u00fccher | Flauschige Handt\u00fccher\",\"isPartOf\":{\"@id\":\"https:\\\/\\\/acmetextiles.com\\\/de\\\/#website\"},\"primaryImageOfPage\":{\"@id\":\"https:\\\/\\\/acmetextiles.com\\\/de\\\/product\\\/handtucher-plantinum\\\/#primaryimage\"},\"image\":{\"@id\":\"https:\\\/\\\/acmetextiles.com\\\/de\\\/product\\\/handtucher-plantinum\\\/#primaryimage\"},\"thumbnailUrl\":\"https:\\\/\\\/acmetextiles.com\\\/de\\\/wp-content\\\/uploads\\\/2025\\\/04\\\/Platinium-Towles.jpg\",\"datePublished\":\"2021-11-23T05:44:27+00:00\",\"dateModified\":\"2025-05-09T14:22:49+00:00\",\"description\":\"Acme Textiles \u2013 Ihr Partner f\u00fcr flauschige Handt\u00fccher in bester Qualit\u00e4t. Gro\u00dfhandel & Export weltweit.\",\"breadcrumb\":{\"@id\":\"https:\\\/\\\/acmetextiles.com\\\/de\\\/product\\\/handtucher-plantinum\\\/#breadcrumb\"},\"inLanguage\":\"en-US\",\"potentialAction\":[{\"@type\":\"ReadAction\",\"target\":[\"https:\\\/\\\/acmetextiles.com\\\/de\\\/product\\\/handtucher-plantinum\\\/\"]}]},{\"@type\":\"ImageObject\",\"inLanguage\":\"en-US\",\"@id\":\"https:\\\/\\\/acmetextiles.com\\\/de\\\/product\\\/handtucher-plantinum\\\/#primaryimage\",\"url\":\"https:\\\/\\\/acmetextiles.com\\\/de\\\/wp-content\\\/uploads\\\/2025\\\/04\\\/Platinium-Towles.jpg\",\"contentUrl\":\"https:\\\/\\\/acmetextiles.com\\\/de\\\/wp-content\\\/uploads\\\/2025\\\/04\\\/Platinium-Towles.jpg\",\"width\":1000,\"height\":1000,\"caption\":\"Handtucher Plantinum\"},{\"@type\":\"BreadcrumbList\",\"@id\":\"https:\\\/\\\/acmetextiles.com\\\/de\\\/product\\\/handtucher-plantinum\\\/#breadcrumb\",\"itemListElement\":[{\"@type\":\"ListItem\",\"position\":1,\"name\":\"Home\",\"item\":\"https:\\\/\\\/acmetextiles.com\\\/de\\\/\"},{\"@type\":\"ListItem\",\"position\":2,\"name\":\"Shop\",\"item\":\"https:\\\/\\\/acmetextiles.com\\\/de\\\/shop\\\/\"},{\"@type\":\"ListItem\",\"position\":3,\"name\":\"Handtucher Plantinum\"}]},{\"@type\":\"WebSite\",\"@id\":\"https:\\\/\\\/acmetextiles.com\\\/de\\\/#website\",\"url\":\"https:\\\/\\\/acmetextiles.com\\\/de\\\/\",\"name\":\"Acme Textiles\",\"description\":\"\",\"publisher\":{\"@id\":\"https:\\\/\\\/acmetextiles.com\\\/de\\\/#organization\"},\"potentialAction\":[{\"@type\":\"SearchAction\",\"target\":{\"@type\":\"EntryPoint\",\"urlTemplate\":\"https:\\\/\\\/acmetextiles.com\\\/de\\\/?s={search_term_string}\"},\"query-input\":{\"@type\":\"PropertyValueSpecification\",\"valueRequired\":true,\"valueName\":\"search_term_string\"}}],\"inLanguage\":\"en-US\"},{\"@type\":\"Organization\",\"@id\":\"https:\\\/\\\/acmetextiles.com\\\/de\\\/#organization\",\"name\":\"Acme Textiles\",\"url\":\"https:\\\/\\\/acmetextiles.com\\\/de\\\/\",\"logo\":{\"@type\":\"ImageObject\",\"inLanguage\":\"en-US\",\"@id\":\"https:\\\/\\\/acmetextiles.com\\\/de\\\/#\\\/schema\\\/logo\\\/image\\\/\",\"url\":\"https:\\\/\\\/acmetextiles.com\\\/de\\\/wp-content\\\/uploads\\\/2018\\\/07\\\/logo.png\",\"contentUrl\":\"https:\\\/\\\/acmetextiles.com\\\/de\\\/wp-content\\\/uploads\\\/2018\\\/07\\\/logo.png\",\"width\":880,\"height\":333,\"caption\":\"Acme Textiles\"},\"image\":{\"@id\":\"https:\\\/\\\/acmetextiles.com\\\/de\\\/#\\\/schema\\\/logo\\\/image\\\/\"},\"sameAs\":[\"https:\\\/\\\/www.facebook.com\\\/ACME-Mills-Private-Limited-172715946475693\\\/\",\"https:\\\/\\\/www.linkedin.com\\\/company\\\/13195014\\\/admin\\\/feed\\\/posts\\\/\",\"https:\\\/\\\/www.instagram.com\\\/acmemills.pvt.ltd\\\/\"]}]}<\/script>\n<!-- \/ Yoast SEO plugin. -->","yoast_head_json":{"title":"Weiche Handt\u00fccher | Flauschige Handt\u00fccher","description":"Acme Textiles \u2013 Ihr Partner f\u00fcr flauschige Handt\u00fccher in bester Qualit\u00e4t. Gro\u00dfhandel & Export weltweit.","robots":{"index":"index","follow":"follow","max-snippet":"max-snippet:-1","max-image-preview":"max-image-preview:large","max-video-preview":"max-video-preview:-1"},"canonical":"https:\/\/acmetextiles.com\/de\/product\/handtucher-plantinum\/","og_locale":"en_US","og_type":"article","og_title":"Weiche Handt\u00fccher | Flauschige Handt\u00fccher","og_description":"Acme Textiles \u2013 Ihr Partner f\u00fcr flauschige Handt\u00fccher in bester Qualit\u00e4t. Gro\u00dfhandel & Export weltweit.","og_url":"https:\/\/acmetextiles.com\/de\/product\/handtucher-plantinum\/","og_site_name":"Acme Textiles","article_publisher":"https:\/\/www.facebook.com\/ACME-Mills-Private-Limited-172715946475693\/","article_modified_time":"2025-05-09T14:22:49+00:00","og_image":[{"width":1000,"height":1000,"url":"https:\/\/acmetextiles.com\/de\/wp-content\/uploads\/2025\/04\/Platinium-Towles.jpg","type":"image\/jpeg"}],"twitter_card":"summary_large_image","twitter_misc":{"Est. reading time":"2 minutes"},"schema":{"@context":"https:\/\/schema.org","@graph":[{"@type":"WebPage","@id":"https:\/\/acmetextiles.com\/de\/product\/handtucher-plantinum\/","url":"https:\/\/acmetextiles.com\/de\/product\/handtucher-plantinum\/","name":"Weiche Handt\u00fccher | Flauschige Handt\u00fccher","isPartOf":{"@id":"https:\/\/acmetextiles.com\/de\/#website"},"primaryImageOfPage":{"@id":"https:\/\/acmetextiles.com\/de\/product\/handtucher-plantinum\/#primaryimage"},"image":{"@id":"https:\/\/acmetextiles.com\/de\/product\/handtucher-plantinum\/#primaryimage"},"thumbnailUrl":"https:\/\/acmetextiles.com\/de\/wp-content\/uploads\/2025\/04\/Platinium-Towles.jpg","datePublished":"2021-11-23T05:44:27+00:00","dateModified":"2025-05-09T14:22:49+00:00","description":"Acme Textiles \u2013 Ihr Partner f\u00fcr flauschige Handt\u00fccher in bester Qualit\u00e4t. Gro\u00dfhandel & Export weltweit.","breadcrumb":{"@id":"https:\/\/acmetextiles.com\/de\/product\/handtucher-plantinum\/#breadcrumb"},"inLanguage":"en-US","potentialAction":[{"@type":"ReadAction","target":["https:\/\/acmetextiles.com\/de\/product\/handtucher-plantinum\/"]}]},{"@type":"ImageObject","inLanguage":"en-US","@id":"https:\/\/acmetextiles.com\/de\/product\/handtucher-plantinum\/#primaryimage","url":"https:\/\/acmetextiles.com\/de\/wp-content\/uploads\/2025\/04\/Platinium-Towles.jpg","contentUrl":"https:\/\/acmetextiles.com\/de\/wp-content\/uploads\/2025\/04\/Platinium-Towles.jpg","width":1000,"height":1000,"caption":"Handtucher Plantinum"},{"@type":"BreadcrumbList","@id":"https:\/\/acmetextiles.com\/de\/product\/handtucher-plantinum\/#breadcrumb","itemListElement":[{"@type":"ListItem","position":1,"name":"Home","item":"https:\/\/acmetextiles.com\/de\/"},{"@type":"ListItem","position":2,"name":"Shop","item":"https:\/\/acmetextiles.com\/de\/shop\/"},{"@type":"ListItem","position":3,"name":"Handtucher Plantinum"}]},{"@type":"WebSite","@id":"https:\/\/acmetextiles.com\/de\/#website","url":"https:\/\/acmetextiles.com\/de\/","name":"Acme Textiles","description":"","publisher":{"@id":"https:\/\/acmetextiles.com\/de\/#organization"},"potentialAction":[{"@type":"SearchAction","target":{"@type":"EntryPoint","urlTemplate":"https:\/\/acmetextiles.com\/de\/?s={search_term_string}"},"query-input":{"@type":"PropertyValueSpecification","valueRequired":true,"valueName":"search_term_string"}}],"inLanguage":"en-US"},{"@type":"Organization","@id":"https:\/\/acmetextiles.com\/de\/#organization","name":"Acme Textiles","url":"https:\/\/acmetextiles.com\/de\/","logo":{"@type":"ImageObject","inLanguage":"en-US","@id":"https:\/\/acmetextiles.com\/de\/#\/schema\/logo\/image\/","url":"https:\/\/acmetextiles.com\/de\/wp-content\/uploads\/2018\/07\/logo.png","contentUrl":"https:\/\/acmetextiles.com\/de\/wp-content\/uploads\/2018\/07\/logo.png","width":880,"height":333,"caption":"Acme Textiles"},"image":{"@id":"https:\/\/acmetextiles.com\/de\/#\/schema\/logo\/image\/"},"sameAs":["https:\/\/www.facebook.com\/ACME-Mills-Private-Limited-172715946475693\/","https:\/\/www.linkedin.com\/company\/13195014\/admin\/feed\/posts\/","https:\/\/www.instagram.com\/acmemills.pvt.ltd\/"]}]}},"_links":{"self":[{"href":"https:\/\/acmetextiles.com\/de\/wp-json\/wp\/v2\/product\/5855","targetHints":{"allow":["GET"]}}],"collection":[{"href":"https:\/\/acmetextiles.com\/de\/wp-json\/wp\/v2\/product"}],"about":[{"href":"https:\/\/acmetextiles.com\/de\/wp-json\/wp\/v2\/types\/product"}],"replies":[{"embeddable":true,"href":"https:\/\/acmetextiles.com\/de\/wp-json\/wp\/v2\/comments?post=5855"}],"wp:featuredmedia":[{"embeddable":true,"href":"https:\/\/acmetextiles.com\/de\/wp-json\/wp\/v2\/media\/5856"}],"wp:attachment":[{"href":"https:\/\/acmetextiles.com\/de\/wp-json\/wp\/v2\/media?parent=5855"}],"wp:term":[{"taxonomy":"product_brand","embeddable":true,"href":"https:\/\/acmetextiles.com\/de\/wp-json\/wp\/v2\/product_brand?post=5855"},{"taxonomy":"product_cat","embeddable":true,"href":"https:\/\/acmetextiles.com\/de\/wp-json\/wp\/v2\/product_cat?post=5855"},{"taxonomy":"product_tag","embeddable":true,"href":"https:\/\/acmetextiles.com\/de\/wp-json\/wp\/v2\/product_tag?post=5855"}],"curies":[{"name":"wp","href":"https:\/\/api.w.org\/{rel}","templated":true}]}}