{"id":5884,"date":"2021-11-23T05:44:28","date_gmt":"2021-11-23T05:44:28","guid":{"rendered":"https:\/\/acmetextiles.com\/de\/?post_type=product&#038;p=5884"},"modified":"2025-05-09T14:23:24","modified_gmt":"2025-05-09T14:23:24","slug":"luxus-handtucher","status":"publish","type":"product","link":"https:\/\/acmetextiles.com\/de\/product\/luxus-handtucher\/","title":{"rendered":"Luxus Handtucher"},"content":{"rendered":"<div style=\"overflow-x: auto;\">\n<table>\n<tbody>\n<tr>\n<th style=\"background: #eee;\">ITEM CODE<\/th>\n<th style=\"background: #eee;\">DESCRIPTION<\/th>\n<th style=\"background: #eee;\">SIZE<\/th>\n<th style=\"background: #eee;\">WEIGHT<\/th>\n<th style=\"background: #eee;\">PACKING (PIECES\/CASE)<\/th>\n<\/tr>\n<tr>\n<td style=\"text-align: center;\">010801<\/td>\n<td style=\"text-align: center;\">Wash Cloth<\/td>\n<td style=\"text-align: center;\">13 x 13 in<br \/>\n33 x 33 cm<\/td>\n<td style=\"text-align: center;\">1.75 lbs<\/td>\n<td style=\"text-align: center;\">300<\/td>\n<\/tr>\n<tr style=\"background: #eee;\">\n<td style=\"text-align: center;\">010802<\/td>\n<td style=\"text-align: center;\">Hand Towel<\/td>\n<td style=\"text-align: center;\">16 x 30 in<br \/>\n41 x 76 cm<\/td>\n<td style=\"text-align: center;\">4.50 lbs<\/td>\n<td style=\"text-align: center;\">120<\/td>\n<\/tr>\n<tr>\n<td style=\"text-align: center;\">010809<\/td>\n<td style=\"text-align: center;\">Hand Towel<\/td>\n<td style=\"text-align: center;\">16 x 32 in<br \/>\n41 x 81 cm<\/td>\n<td style=\"text-align: center;\">6.00 lbs<\/td>\n<td style=\"text-align: center;\">96<\/td>\n<\/tr>\n<tr style=\"background: #eee;\">\n<td style=\"text-align: center;\">010803<\/td>\n<td style=\"text-align: center;\">Bath Towel<\/td>\n<td style=\"text-align: center;\">27 x 50 in<br \/>\n69 x 127 cm<\/td>\n<td style=\"text-align: center;\">14.00 lbs<\/td>\n<td style=\"text-align: center;\">36<\/td>\n<\/tr>\n<tr>\n<td style=\"text-align: center;\">010804<\/td>\n<td style=\"text-align: center;\">Bath Towel<\/td>\n<td style=\"text-align: center;\">27 x 54 in<br \/>\n69 x 137 cm<\/td>\n<td style=\"text-align: center;\">17.00 lbs<\/td>\n<td style=\"text-align: center;\">36<\/td>\n<\/tr>\n<tr style=\"background: #eee;\">\n<td style=\"text-align: center;\">010805<\/td>\n<td style=\"text-align: center;\">Bath Towel<\/td>\n<td style=\"text-align: center;\">30 x 56 in<br \/>\n76 x 142 cm<\/td>\n<td style=\"text-align: center;\">20.00 lbs<\/td>\n<td style=\"text-align: center;\">24<\/td>\n<\/tr>\n<tr>\n<td style=\"text-align: center;\">010810<\/td>\n<td style=\"text-align: center;\">Bath Towel<\/td>\n<td style=\"text-align: center;\">30 x 60 in<br \/>\n76 x 152 cm<\/td>\n<td style=\"text-align: center;\">22.00 lbs<\/td>\n<td style=\"text-align: center;\">24<\/td>\n<\/tr>\n<\/tbody>\n<\/table>\n<\/div>\n<p><strong> Note:<\/strong> All items can be customized as per your weight, size, color, fabric, and other design- related requirements.<\/p>\n<p><strong>Additional Information<\/strong><\/p>\n<ul>\n<li>A combination of prime cotton yarn, rich, heavy thickness, and premium finish makes these towels super-soft, plush, and highly absorbent.<\/li>\n<li>Luxury Towels are extra-long sizes and heavyweight for ultimate guest comfort in a hotel or resort-style lodging.<\/li>\n<li>The towel features an elegant Greek dobby, adding elegance to your hotel bathroom.<\/li>\n<li>Every Luxury Towel is crafted with double-needle stitching with a minimum of 7 stitches, which makes them highly durable.<\/li>\n<li>Quality tests have shown that our Luxury Towels give a significantly higher number of washes than other comparable brands due to their superior stitching quality and 100% cotton base.<\/li>\n<li>Used in high-end hotels, spas, lodges, and other upscale hospitality institutions.<\/li>\n<\/ul>\n","protected":false},"excerpt":{"rendered":"<ul>\n<li>Made from 100% ring-spun cotton.<\/li>\n<li>Super-soft, plush, and highly absorbent.<\/li>\n<li>Features elegant stripes on the edge with a Greek dobby border.<\/li>\n<li>Double-needle stitching on hem borders for enhanced durability and strength, preventing rip or tear.<\/li>\n<li>Extra-long size and heavyweight for ultimate guest comfort.<\/li>\n<\/ul>\n","protected":false},"featured_media":5885,"comment_status":"closed","ping_status":"closed","template":"","meta":{"_acf_changed":false},"product_brand":[],"product_cat":[56,52],"product_tag":[],"class_list":{"0":"post-5884","1":"product","2":"type-product","3":"status-publish","4":"has-post-thumbnail","6":"product_cat-luxus-handtucher","7":"product_cat-towels","9":"first","10":"instock","11":"shipping-taxable","12":"product-type-simple"},"acf":[],"yoast_head":"<!-- This site is optimized with the Yoast SEO plugin v27.3 - https:\/\/yoast.com\/product\/yoast-seo-wordpress\/ -->\n<title>Luxuri\u00f6se Handtuch-Kollektion<\/title>\n<meta name=\"description\" content=\"Acme Textiles bietet eine exklusive Kollektion luxuri\u00f6ser Handt\u00fccher \u2013 stilvoll, saugf\u00e4hig &amp; weltweit lieferbar.\" \/>\n<meta name=\"robots\" content=\"index, follow, max-snippet:-1, max-image-preview:large, max-video-preview:-1\" \/>\n<link rel=\"canonical\" href=\"https:\/\/acmetextiles.com\/de\/product\/luxus-handtucher\/\" \/>\n<meta property=\"og:locale\" content=\"en_US\" \/>\n<meta property=\"og:type\" content=\"article\" \/>\n<meta property=\"og:title\" content=\"Luxuri\u00f6se Handtuch-Kollektion\" \/>\n<meta property=\"og:description\" content=\"Acme Textiles bietet eine exklusive Kollektion luxuri\u00f6ser Handt\u00fccher \u2013 stilvoll, saugf\u00e4hig &amp; weltweit lieferbar.\" \/>\n<meta property=\"og:url\" content=\"https:\/\/acmetextiles.com\/de\/product\/luxus-handtucher\/\" \/>\n<meta property=\"og:site_name\" content=\"Acme Textiles\" \/>\n<meta property=\"article:publisher\" content=\"https:\/\/www.facebook.com\/ACME-Mills-Private-Limited-172715946475693\/\" \/>\n<meta property=\"article:modified_time\" content=\"2025-05-09T14:23:24+00:00\" \/>\n<meta property=\"og:image\" content=\"https:\/\/acmetextiles.com\/de\/wp-content\/uploads\/2025\/04\/Luxury-Towels.jpg\" \/>\n\t<meta property=\"og:image:width\" content=\"1000\" \/>\n\t<meta property=\"og:image:height\" content=\"1000\" \/>\n\t<meta property=\"og:image:type\" content=\"image\/jpeg\" \/>\n<meta name=\"twitter:card\" content=\"summary_large_image\" \/>\n<meta name=\"twitter:label1\" content=\"Est. reading time\" \/>\n\t<meta name=\"twitter:data1\" content=\"2 minutes\" \/>\n<script type=\"application\/ld+json\" class=\"yoast-schema-graph\">{\"@context\":\"https:\\\/\\\/schema.org\",\"@graph\":[{\"@type\":\"WebPage\",\"@id\":\"https:\\\/\\\/acmetextiles.com\\\/de\\\/product\\\/luxus-handtucher\\\/\",\"url\":\"https:\\\/\\\/acmetextiles.com\\\/de\\\/product\\\/luxus-handtucher\\\/\",\"name\":\"Luxuri\u00f6se Handtuch-Kollektion\",\"isPartOf\":{\"@id\":\"https:\\\/\\\/acmetextiles.com\\\/de\\\/#website\"},\"primaryImageOfPage\":{\"@id\":\"https:\\\/\\\/acmetextiles.com\\\/de\\\/product\\\/luxus-handtucher\\\/#primaryimage\"},\"image\":{\"@id\":\"https:\\\/\\\/acmetextiles.com\\\/de\\\/product\\\/luxus-handtucher\\\/#primaryimage\"},\"thumbnailUrl\":\"https:\\\/\\\/acmetextiles.com\\\/de\\\/wp-content\\\/uploads\\\/2025\\\/04\\\/Luxury-Towels.jpg\",\"datePublished\":\"2021-11-23T05:44:28+00:00\",\"dateModified\":\"2025-05-09T14:23:24+00:00\",\"description\":\"Acme Textiles bietet eine exklusive Kollektion luxuri\u00f6ser Handt\u00fccher \u2013 stilvoll, saugf\u00e4hig & weltweit lieferbar.\",\"breadcrumb\":{\"@id\":\"https:\\\/\\\/acmetextiles.com\\\/de\\\/product\\\/luxus-handtucher\\\/#breadcrumb\"},\"inLanguage\":\"en-US\",\"potentialAction\":[{\"@type\":\"ReadAction\",\"target\":[\"https:\\\/\\\/acmetextiles.com\\\/de\\\/product\\\/luxus-handtucher\\\/\"]}]},{\"@type\":\"ImageObject\",\"inLanguage\":\"en-US\",\"@id\":\"https:\\\/\\\/acmetextiles.com\\\/de\\\/product\\\/luxus-handtucher\\\/#primaryimage\",\"url\":\"https:\\\/\\\/acmetextiles.com\\\/de\\\/wp-content\\\/uploads\\\/2025\\\/04\\\/Luxury-Towels.jpg\",\"contentUrl\":\"https:\\\/\\\/acmetextiles.com\\\/de\\\/wp-content\\\/uploads\\\/2025\\\/04\\\/Luxury-Towels.jpg\",\"width\":1000,\"height\":1000,\"caption\":\"Luxus Handtucher\"},{\"@type\":\"BreadcrumbList\",\"@id\":\"https:\\\/\\\/acmetextiles.com\\\/de\\\/product\\\/luxus-handtucher\\\/#breadcrumb\",\"itemListElement\":[{\"@type\":\"ListItem\",\"position\":1,\"name\":\"Home\",\"item\":\"https:\\\/\\\/acmetextiles.com\\\/de\\\/\"},{\"@type\":\"ListItem\",\"position\":2,\"name\":\"Shop\",\"item\":\"https:\\\/\\\/acmetextiles.com\\\/de\\\/shop\\\/\"},{\"@type\":\"ListItem\",\"position\":3,\"name\":\"Luxus Handtucher\"}]},{\"@type\":\"WebSite\",\"@id\":\"https:\\\/\\\/acmetextiles.com\\\/de\\\/#website\",\"url\":\"https:\\\/\\\/acmetextiles.com\\\/de\\\/\",\"name\":\"Acme Textiles\",\"description\":\"\",\"publisher\":{\"@id\":\"https:\\\/\\\/acmetextiles.com\\\/de\\\/#organization\"},\"potentialAction\":[{\"@type\":\"SearchAction\",\"target\":{\"@type\":\"EntryPoint\",\"urlTemplate\":\"https:\\\/\\\/acmetextiles.com\\\/de\\\/?s={search_term_string}\"},\"query-input\":{\"@type\":\"PropertyValueSpecification\",\"valueRequired\":true,\"valueName\":\"search_term_string\"}}],\"inLanguage\":\"en-US\"},{\"@type\":\"Organization\",\"@id\":\"https:\\\/\\\/acmetextiles.com\\\/de\\\/#organization\",\"name\":\"Acme Textiles\",\"url\":\"https:\\\/\\\/acmetextiles.com\\\/de\\\/\",\"logo\":{\"@type\":\"ImageObject\",\"inLanguage\":\"en-US\",\"@id\":\"https:\\\/\\\/acmetextiles.com\\\/de\\\/#\\\/schema\\\/logo\\\/image\\\/\",\"url\":\"https:\\\/\\\/acmetextiles.com\\\/de\\\/wp-content\\\/uploads\\\/2018\\\/07\\\/logo.png\",\"contentUrl\":\"https:\\\/\\\/acmetextiles.com\\\/de\\\/wp-content\\\/uploads\\\/2018\\\/07\\\/logo.png\",\"width\":880,\"height\":333,\"caption\":\"Acme Textiles\"},\"image\":{\"@id\":\"https:\\\/\\\/acmetextiles.com\\\/de\\\/#\\\/schema\\\/logo\\\/image\\\/\"},\"sameAs\":[\"https:\\\/\\\/www.facebook.com\\\/ACME-Mills-Private-Limited-172715946475693\\\/\",\"https:\\\/\\\/www.linkedin.com\\\/company\\\/13195014\\\/admin\\\/feed\\\/posts\\\/\",\"https:\\\/\\\/www.instagram.com\\\/acmemills.pvt.ltd\\\/\"]}]}<\/script>\n<!-- \/ Yoast SEO plugin. -->","yoast_head_json":{"title":"Luxuri\u00f6se Handtuch-Kollektion","description":"Acme Textiles bietet eine exklusive Kollektion luxuri\u00f6ser Handt\u00fccher \u2013 stilvoll, saugf\u00e4hig & weltweit lieferbar.","robots":{"index":"index","follow":"follow","max-snippet":"max-snippet:-1","max-image-preview":"max-image-preview:large","max-video-preview":"max-video-preview:-1"},"canonical":"https:\/\/acmetextiles.com\/de\/product\/luxus-handtucher\/","og_locale":"en_US","og_type":"article","og_title":"Luxuri\u00f6se Handtuch-Kollektion","og_description":"Acme Textiles bietet eine exklusive Kollektion luxuri\u00f6ser Handt\u00fccher \u2013 stilvoll, saugf\u00e4hig & weltweit lieferbar.","og_url":"https:\/\/acmetextiles.com\/de\/product\/luxus-handtucher\/","og_site_name":"Acme Textiles","article_publisher":"https:\/\/www.facebook.com\/ACME-Mills-Private-Limited-172715946475693\/","article_modified_time":"2025-05-09T14:23:24+00:00","og_image":[{"width":1000,"height":1000,"url":"https:\/\/acmetextiles.com\/de\/wp-content\/uploads\/2025\/04\/Luxury-Towels.jpg","type":"image\/jpeg"}],"twitter_card":"summary_large_image","twitter_misc":{"Est. reading time":"2 minutes"},"schema":{"@context":"https:\/\/schema.org","@graph":[{"@type":"WebPage","@id":"https:\/\/acmetextiles.com\/de\/product\/luxus-handtucher\/","url":"https:\/\/acmetextiles.com\/de\/product\/luxus-handtucher\/","name":"Luxuri\u00f6se Handtuch-Kollektion","isPartOf":{"@id":"https:\/\/acmetextiles.com\/de\/#website"},"primaryImageOfPage":{"@id":"https:\/\/acmetextiles.com\/de\/product\/luxus-handtucher\/#primaryimage"},"image":{"@id":"https:\/\/acmetextiles.com\/de\/product\/luxus-handtucher\/#primaryimage"},"thumbnailUrl":"https:\/\/acmetextiles.com\/de\/wp-content\/uploads\/2025\/04\/Luxury-Towels.jpg","datePublished":"2021-11-23T05:44:28+00:00","dateModified":"2025-05-09T14:23:24+00:00","description":"Acme Textiles bietet eine exklusive Kollektion luxuri\u00f6ser Handt\u00fccher \u2013 stilvoll, saugf\u00e4hig & weltweit lieferbar.","breadcrumb":{"@id":"https:\/\/acmetextiles.com\/de\/product\/luxus-handtucher\/#breadcrumb"},"inLanguage":"en-US","potentialAction":[{"@type":"ReadAction","target":["https:\/\/acmetextiles.com\/de\/product\/luxus-handtucher\/"]}]},{"@type":"ImageObject","inLanguage":"en-US","@id":"https:\/\/acmetextiles.com\/de\/product\/luxus-handtucher\/#primaryimage","url":"https:\/\/acmetextiles.com\/de\/wp-content\/uploads\/2025\/04\/Luxury-Towels.jpg","contentUrl":"https:\/\/acmetextiles.com\/de\/wp-content\/uploads\/2025\/04\/Luxury-Towels.jpg","width":1000,"height":1000,"caption":"Luxus Handtucher"},{"@type":"BreadcrumbList","@id":"https:\/\/acmetextiles.com\/de\/product\/luxus-handtucher\/#breadcrumb","itemListElement":[{"@type":"ListItem","position":1,"name":"Home","item":"https:\/\/acmetextiles.com\/de\/"},{"@type":"ListItem","position":2,"name":"Shop","item":"https:\/\/acmetextiles.com\/de\/shop\/"},{"@type":"ListItem","position":3,"name":"Luxus Handtucher"}]},{"@type":"WebSite","@id":"https:\/\/acmetextiles.com\/de\/#website","url":"https:\/\/acmetextiles.com\/de\/","name":"Acme Textiles","description":"","publisher":{"@id":"https:\/\/acmetextiles.com\/de\/#organization"},"potentialAction":[{"@type":"SearchAction","target":{"@type":"EntryPoint","urlTemplate":"https:\/\/acmetextiles.com\/de\/?s={search_term_string}"},"query-input":{"@type":"PropertyValueSpecification","valueRequired":true,"valueName":"search_term_string"}}],"inLanguage":"en-US"},{"@type":"Organization","@id":"https:\/\/acmetextiles.com\/de\/#organization","name":"Acme Textiles","url":"https:\/\/acmetextiles.com\/de\/","logo":{"@type":"ImageObject","inLanguage":"en-US","@id":"https:\/\/acmetextiles.com\/de\/#\/schema\/logo\/image\/","url":"https:\/\/acmetextiles.com\/de\/wp-content\/uploads\/2018\/07\/logo.png","contentUrl":"https:\/\/acmetextiles.com\/de\/wp-content\/uploads\/2018\/07\/logo.png","width":880,"height":333,"caption":"Acme Textiles"},"image":{"@id":"https:\/\/acmetextiles.com\/de\/#\/schema\/logo\/image\/"},"sameAs":["https:\/\/www.facebook.com\/ACME-Mills-Private-Limited-172715946475693\/","https:\/\/www.linkedin.com\/company\/13195014\/admin\/feed\/posts\/","https:\/\/www.instagram.com\/acmemills.pvt.ltd\/"]}]}},"_links":{"self":[{"href":"https:\/\/acmetextiles.com\/de\/wp-json\/wp\/v2\/product\/5884","targetHints":{"allow":["GET"]}}],"collection":[{"href":"https:\/\/acmetextiles.com\/de\/wp-json\/wp\/v2\/product"}],"about":[{"href":"https:\/\/acmetextiles.com\/de\/wp-json\/wp\/v2\/types\/product"}],"replies":[{"embeddable":true,"href":"https:\/\/acmetextiles.com\/de\/wp-json\/wp\/v2\/comments?post=5884"}],"wp:featuredmedia":[{"embeddable":true,"href":"https:\/\/acmetextiles.com\/de\/wp-json\/wp\/v2\/media\/5885"}],"wp:attachment":[{"href":"https:\/\/acmetextiles.com\/de\/wp-json\/wp\/v2\/media?parent=5884"}],"wp:term":[{"taxonomy":"product_brand","embeddable":true,"href":"https:\/\/acmetextiles.com\/de\/wp-json\/wp\/v2\/product_brand?post=5884"},{"taxonomy":"product_cat","embeddable":true,"href":"https:\/\/acmetextiles.com\/de\/wp-json\/wp\/v2\/product_cat?post=5884"},{"taxonomy":"product_tag","embeddable":true,"href":"https:\/\/acmetextiles.com\/de\/wp-json\/wp\/v2\/product_tag?post=5884"}],"curies":[{"name":"wp","href":"https:\/\/api.w.org\/{rel}","templated":true}]}}