{"id":5934,"date":"2021-11-23T05:45:48","date_gmt":"2021-11-23T05:45:48","guid":{"rendered":"https:\/\/acmetextiles.com\/de\/?post_type=product&#038;p=5934"},"modified":"2025-05-12T15:33:16","modified_gmt":"2025-05-12T15:33:16","slug":"center-stripe-pool-handtuch","status":"publish","type":"product","link":"https:\/\/acmetextiles.com\/de\/product\/center-stripe-pool-handtuch\/","title":{"rendered":"Center Stripe Pool Towel"},"content":{"rendered":"<div style=\"overflow-x: auto;\">\n<table>\n<tbody>\n<tr>\n<th style=\"background: #eee;\">ITEM CODE<\/th>\n<th style=\"background: #eee;\">DESCRIPTION<\/th>\n<th style=\"background: #eee;\">SIZE<\/th>\n<th style=\"background: #eee;\">WEIGHT<\/th>\n<th style=\"background: #eee;\">PACKING (PIECES\/CASE)<\/th>\n<\/tr>\n<tr>\n<td>010501<\/td>\n<td>Blue Center Stripe<\/td>\n<td>22 x 44 in<br \/>\n56 x 112 cm<\/td>\n<td>6.00 lbs<\/td>\n<td>120<\/td>\n<\/tr>\n<\/tbody>\n<\/table>\n<\/div>\n<p><strong>\u00a0Note:<\/strong> All items can be customized as per your weight, size, color, fabric, and other design-related requirements.<\/p>\n<h3>Additional Information<\/h3>\n<ul>\n<li>This 86\/14 poly-cotton blended towel is a perfect combination of absorbency and durability.<\/li>\n<li>The towel is fade-resistant and withstands harsh chemicals.<\/li>\n<li>Features a vat-dyed blue center stripe and is color and bleach safe.<\/li>\n<li>Hems are lock stitched and bar-tacked for longer life and less fraying.<\/li>\n<li>Used in the hospitality business for hotels, motels, beach resorts, cottages, vacation rentals, short-term rentals, Airbnb, health clubs, country clubs, gyms, and swimming pools.<\/li>\n<\/ul>\n","protected":false},"excerpt":{"rendered":"<ul>\n<li>Lightweight, high-performance, economy beach and pool towels.<\/li>\n<li>Made with a blend of 86% cotton and 14% polyester, and are fade-resistant.<\/li>\n<li>Manufactured by keeping reasonable quality, budget, and durability in mind.<\/li>\n<\/ul>\n","protected":false},"featured_media":5935,"comment_status":"closed","ping_status":"closed","template":"","meta":{"_acf_changed":false},"product_brand":[],"product_cat":[57,52],"product_tag":[],"class_list":{"0":"post-5934","1":"product","2":"type-product","3":"status-publish","4":"has-post-thumbnail","6":"product_cat-strand-poolhandtucher","7":"product_cat-towels","9":"first","10":"instock","11":"shipping-taxable","12":"product-type-simple"},"acf":[],"yoast_head":"<!-- This site is optimized with the Yoast SEO plugin v27.3 - https:\/\/yoast.com\/product\/yoast-seo-wordpress\/ -->\n<title>Center Stripe Pool Handtuch | Stripe Pool Handt\u00fccher<\/title>\n<meta name=\"description\" content=\"Acme Textile \u2013 f\u00fchrender Hersteller &amp; weltweiter Exporteur \u2013 bietet hochwertige Stripe Poolhandt\u00fccher mit mittigem Streifen f\u00fcr luxuri\u00f6se Hotelpools.\" \/>\n<meta name=\"robots\" content=\"index, follow, max-snippet:-1, max-image-preview:large, max-video-preview:-1\" \/>\n<link rel=\"canonical\" href=\"https:\/\/acmetextiles.com\/de\/product\/center-stripe-pool-handtuch\/\" \/>\n<meta property=\"og:locale\" content=\"en_US\" \/>\n<meta property=\"og:type\" content=\"article\" \/>\n<meta property=\"og:title\" content=\"Center Stripe Pool Handtuch | Stripe Pool Handt\u00fccher\" \/>\n<meta property=\"og:description\" content=\"Acme Textile \u2013 f\u00fchrender Hersteller &amp; weltweiter Exporteur \u2013 bietet hochwertige Stripe Poolhandt\u00fccher mit mittigem Streifen f\u00fcr luxuri\u00f6se Hotelpools.\" \/>\n<meta property=\"og:url\" content=\"https:\/\/acmetextiles.com\/de\/product\/center-stripe-pool-handtuch\/\" \/>\n<meta property=\"og:site_name\" content=\"Acme Textiles\" \/>\n<meta property=\"article:publisher\" content=\"https:\/\/www.facebook.com\/ACME-Mills-Private-Limited-172715946475693\/\" \/>\n<meta property=\"article:modified_time\" content=\"2025-05-12T15:33:16+00:00\" \/>\n<meta property=\"og:image\" content=\"https:\/\/acmetextiles.com\/de\/wp-content\/uploads\/2025\/04\/Center-Striped-white-bgjpg.jpg\" \/>\n\t<meta property=\"og:image:width\" content=\"850\" \/>\n\t<meta property=\"og:image:height\" content=\"850\" \/>\n\t<meta property=\"og:image:type\" content=\"image\/jpeg\" \/>\n<meta name=\"twitter:card\" content=\"summary_large_image\" \/>\n<meta name=\"twitter:label1\" content=\"Est. reading time\" \/>\n\t<meta name=\"twitter:data1\" content=\"1 minute\" \/>\n<script type=\"application\/ld+json\" class=\"yoast-schema-graph\">{\"@context\":\"https:\\\/\\\/schema.org\",\"@graph\":[{\"@type\":\"WebPage\",\"@id\":\"https:\\\/\\\/acmetextiles.com\\\/de\\\/product\\\/center-stripe-pool-handtuch\\\/\",\"url\":\"https:\\\/\\\/acmetextiles.com\\\/de\\\/product\\\/center-stripe-pool-handtuch\\\/\",\"name\":\"Center Stripe Pool Handtuch | Stripe Pool Handt\u00fccher\",\"isPartOf\":{\"@id\":\"https:\\\/\\\/acmetextiles.com\\\/de\\\/#website\"},\"primaryImageOfPage\":{\"@id\":\"https:\\\/\\\/acmetextiles.com\\\/de\\\/product\\\/center-stripe-pool-handtuch\\\/#primaryimage\"},\"image\":{\"@id\":\"https:\\\/\\\/acmetextiles.com\\\/de\\\/product\\\/center-stripe-pool-handtuch\\\/#primaryimage\"},\"thumbnailUrl\":\"https:\\\/\\\/acmetextiles.com\\\/de\\\/wp-content\\\/uploads\\\/2025\\\/04\\\/Center-Striped-white-bgjpg.jpg\",\"datePublished\":\"2021-11-23T05:45:48+00:00\",\"dateModified\":\"2025-05-12T15:33:16+00:00\",\"description\":\"Acme Textile \u2013 f\u00fchrender Hersteller & weltweiter Exporteur \u2013 bietet hochwertige Stripe Poolhandt\u00fccher mit mittigem Streifen f\u00fcr luxuri\u00f6se Hotelpools.\",\"breadcrumb\":{\"@id\":\"https:\\\/\\\/acmetextiles.com\\\/de\\\/product\\\/center-stripe-pool-handtuch\\\/#breadcrumb\"},\"inLanguage\":\"en-US\",\"potentialAction\":[{\"@type\":\"ReadAction\",\"target\":[\"https:\\\/\\\/acmetextiles.com\\\/de\\\/product\\\/center-stripe-pool-handtuch\\\/\"]}]},{\"@type\":\"ImageObject\",\"inLanguage\":\"en-US\",\"@id\":\"https:\\\/\\\/acmetextiles.com\\\/de\\\/product\\\/center-stripe-pool-handtuch\\\/#primaryimage\",\"url\":\"https:\\\/\\\/acmetextiles.com\\\/de\\\/wp-content\\\/uploads\\\/2025\\\/04\\\/Center-Striped-white-bgjpg.jpg\",\"contentUrl\":\"https:\\\/\\\/acmetextiles.com\\\/de\\\/wp-content\\\/uploads\\\/2025\\\/04\\\/Center-Striped-white-bgjpg.jpg\",\"width\":850,\"height\":850,\"caption\":\"Center Stripe Pool Towel\"},{\"@type\":\"BreadcrumbList\",\"@id\":\"https:\\\/\\\/acmetextiles.com\\\/de\\\/product\\\/center-stripe-pool-handtuch\\\/#breadcrumb\",\"itemListElement\":[{\"@type\":\"ListItem\",\"position\":1,\"name\":\"Home\",\"item\":\"https:\\\/\\\/acmetextiles.com\\\/de\\\/\"},{\"@type\":\"ListItem\",\"position\":2,\"name\":\"Shop\",\"item\":\"https:\\\/\\\/acmetextiles.com\\\/de\\\/shop\\\/\"},{\"@type\":\"ListItem\",\"position\":3,\"name\":\"Center Stripe Pool Towel\"}]},{\"@type\":\"WebSite\",\"@id\":\"https:\\\/\\\/acmetextiles.com\\\/de\\\/#website\",\"url\":\"https:\\\/\\\/acmetextiles.com\\\/de\\\/\",\"name\":\"Acme Textiles\",\"description\":\"\",\"publisher\":{\"@id\":\"https:\\\/\\\/acmetextiles.com\\\/de\\\/#organization\"},\"potentialAction\":[{\"@type\":\"SearchAction\",\"target\":{\"@type\":\"EntryPoint\",\"urlTemplate\":\"https:\\\/\\\/acmetextiles.com\\\/de\\\/?s={search_term_string}\"},\"query-input\":{\"@type\":\"PropertyValueSpecification\",\"valueRequired\":true,\"valueName\":\"search_term_string\"}}],\"inLanguage\":\"en-US\"},{\"@type\":\"Organization\",\"@id\":\"https:\\\/\\\/acmetextiles.com\\\/de\\\/#organization\",\"name\":\"Acme Textiles\",\"url\":\"https:\\\/\\\/acmetextiles.com\\\/de\\\/\",\"logo\":{\"@type\":\"ImageObject\",\"inLanguage\":\"en-US\",\"@id\":\"https:\\\/\\\/acmetextiles.com\\\/de\\\/#\\\/schema\\\/logo\\\/image\\\/\",\"url\":\"https:\\\/\\\/acmetextiles.com\\\/de\\\/wp-content\\\/uploads\\\/2018\\\/07\\\/logo.png\",\"contentUrl\":\"https:\\\/\\\/acmetextiles.com\\\/de\\\/wp-content\\\/uploads\\\/2018\\\/07\\\/logo.png\",\"width\":880,\"height\":333,\"caption\":\"Acme Textiles\"},\"image\":{\"@id\":\"https:\\\/\\\/acmetextiles.com\\\/de\\\/#\\\/schema\\\/logo\\\/image\\\/\"},\"sameAs\":[\"https:\\\/\\\/www.facebook.com\\\/ACME-Mills-Private-Limited-172715946475693\\\/\",\"https:\\\/\\\/www.linkedin.com\\\/company\\\/13195014\\\/admin\\\/feed\\\/posts\\\/\",\"https:\\\/\\\/www.instagram.com\\\/acmemills.pvt.ltd\\\/\"]}]}<\/script>\n<!-- \/ Yoast SEO plugin. -->","yoast_head_json":{"title":"Center Stripe Pool Handtuch | Stripe Pool Handt\u00fccher","description":"Acme Textile \u2013 f\u00fchrender Hersteller & weltweiter Exporteur \u2013 bietet hochwertige Stripe Poolhandt\u00fccher mit mittigem Streifen f\u00fcr luxuri\u00f6se Hotelpools.","robots":{"index":"index","follow":"follow","max-snippet":"max-snippet:-1","max-image-preview":"max-image-preview:large","max-video-preview":"max-video-preview:-1"},"canonical":"https:\/\/acmetextiles.com\/de\/product\/center-stripe-pool-handtuch\/","og_locale":"en_US","og_type":"article","og_title":"Center Stripe Pool Handtuch | Stripe Pool Handt\u00fccher","og_description":"Acme Textile \u2013 f\u00fchrender Hersteller & weltweiter Exporteur \u2013 bietet hochwertige Stripe Poolhandt\u00fccher mit mittigem Streifen f\u00fcr luxuri\u00f6se Hotelpools.","og_url":"https:\/\/acmetextiles.com\/de\/product\/center-stripe-pool-handtuch\/","og_site_name":"Acme Textiles","article_publisher":"https:\/\/www.facebook.com\/ACME-Mills-Private-Limited-172715946475693\/","article_modified_time":"2025-05-12T15:33:16+00:00","og_image":[{"width":850,"height":850,"url":"https:\/\/acmetextiles.com\/de\/wp-content\/uploads\/2025\/04\/Center-Striped-white-bgjpg.jpg","type":"image\/jpeg"}],"twitter_card":"summary_large_image","twitter_misc":{"Est. reading time":"1 minute"},"schema":{"@context":"https:\/\/schema.org","@graph":[{"@type":"WebPage","@id":"https:\/\/acmetextiles.com\/de\/product\/center-stripe-pool-handtuch\/","url":"https:\/\/acmetextiles.com\/de\/product\/center-stripe-pool-handtuch\/","name":"Center Stripe Pool Handtuch | Stripe Pool Handt\u00fccher","isPartOf":{"@id":"https:\/\/acmetextiles.com\/de\/#website"},"primaryImageOfPage":{"@id":"https:\/\/acmetextiles.com\/de\/product\/center-stripe-pool-handtuch\/#primaryimage"},"image":{"@id":"https:\/\/acmetextiles.com\/de\/product\/center-stripe-pool-handtuch\/#primaryimage"},"thumbnailUrl":"https:\/\/acmetextiles.com\/de\/wp-content\/uploads\/2025\/04\/Center-Striped-white-bgjpg.jpg","datePublished":"2021-11-23T05:45:48+00:00","dateModified":"2025-05-12T15:33:16+00:00","description":"Acme Textile \u2013 f\u00fchrender Hersteller & weltweiter Exporteur \u2013 bietet hochwertige Stripe Poolhandt\u00fccher mit mittigem Streifen f\u00fcr luxuri\u00f6se Hotelpools.","breadcrumb":{"@id":"https:\/\/acmetextiles.com\/de\/product\/center-stripe-pool-handtuch\/#breadcrumb"},"inLanguage":"en-US","potentialAction":[{"@type":"ReadAction","target":["https:\/\/acmetextiles.com\/de\/product\/center-stripe-pool-handtuch\/"]}]},{"@type":"ImageObject","inLanguage":"en-US","@id":"https:\/\/acmetextiles.com\/de\/product\/center-stripe-pool-handtuch\/#primaryimage","url":"https:\/\/acmetextiles.com\/de\/wp-content\/uploads\/2025\/04\/Center-Striped-white-bgjpg.jpg","contentUrl":"https:\/\/acmetextiles.com\/de\/wp-content\/uploads\/2025\/04\/Center-Striped-white-bgjpg.jpg","width":850,"height":850,"caption":"Center Stripe Pool Towel"},{"@type":"BreadcrumbList","@id":"https:\/\/acmetextiles.com\/de\/product\/center-stripe-pool-handtuch\/#breadcrumb","itemListElement":[{"@type":"ListItem","position":1,"name":"Home","item":"https:\/\/acmetextiles.com\/de\/"},{"@type":"ListItem","position":2,"name":"Shop","item":"https:\/\/acmetextiles.com\/de\/shop\/"},{"@type":"ListItem","position":3,"name":"Center Stripe Pool Towel"}]},{"@type":"WebSite","@id":"https:\/\/acmetextiles.com\/de\/#website","url":"https:\/\/acmetextiles.com\/de\/","name":"Acme Textiles","description":"","publisher":{"@id":"https:\/\/acmetextiles.com\/de\/#organization"},"potentialAction":[{"@type":"SearchAction","target":{"@type":"EntryPoint","urlTemplate":"https:\/\/acmetextiles.com\/de\/?s={search_term_string}"},"query-input":{"@type":"PropertyValueSpecification","valueRequired":true,"valueName":"search_term_string"}}],"inLanguage":"en-US"},{"@type":"Organization","@id":"https:\/\/acmetextiles.com\/de\/#organization","name":"Acme Textiles","url":"https:\/\/acmetextiles.com\/de\/","logo":{"@type":"ImageObject","inLanguage":"en-US","@id":"https:\/\/acmetextiles.com\/de\/#\/schema\/logo\/image\/","url":"https:\/\/acmetextiles.com\/de\/wp-content\/uploads\/2018\/07\/logo.png","contentUrl":"https:\/\/acmetextiles.com\/de\/wp-content\/uploads\/2018\/07\/logo.png","width":880,"height":333,"caption":"Acme Textiles"},"image":{"@id":"https:\/\/acmetextiles.com\/de\/#\/schema\/logo\/image\/"},"sameAs":["https:\/\/www.facebook.com\/ACME-Mills-Private-Limited-172715946475693\/","https:\/\/www.linkedin.com\/company\/13195014\/admin\/feed\/posts\/","https:\/\/www.instagram.com\/acmemills.pvt.ltd\/"]}]}},"_links":{"self":[{"href":"https:\/\/acmetextiles.com\/de\/wp-json\/wp\/v2\/product\/5934","targetHints":{"allow":["GET"]}}],"collection":[{"href":"https:\/\/acmetextiles.com\/de\/wp-json\/wp\/v2\/product"}],"about":[{"href":"https:\/\/acmetextiles.com\/de\/wp-json\/wp\/v2\/types\/product"}],"replies":[{"embeddable":true,"href":"https:\/\/acmetextiles.com\/de\/wp-json\/wp\/v2\/comments?post=5934"}],"wp:featuredmedia":[{"embeddable":true,"href":"https:\/\/acmetextiles.com\/de\/wp-json\/wp\/v2\/media\/5935"}],"wp:attachment":[{"href":"https:\/\/acmetextiles.com\/de\/wp-json\/wp\/v2\/media?parent=5934"}],"wp:term":[{"taxonomy":"product_brand","embeddable":true,"href":"https:\/\/acmetextiles.com\/de\/wp-json\/wp\/v2\/product_brand?post=5934"},{"taxonomy":"product_cat","embeddable":true,"href":"https:\/\/acmetextiles.com\/de\/wp-json\/wp\/v2\/product_cat?post=5934"},{"taxonomy":"product_tag","embeddable":true,"href":"https:\/\/acmetextiles.com\/de\/wp-json\/wp\/v2\/product_tag?post=5934"}],"curies":[{"name":"wp","href":"https:\/\/api.w.org\/{rel}","templated":true}]}}