{"id":5937,"date":"2021-11-23T05:45:48","date_gmt":"2021-11-23T05:45:48","guid":{"rendered":"https:\/\/acmetextiles.com\/de\/?post_type=product&#038;p=5937"},"modified":"2025-05-12T15:38:04","modified_gmt":"2025-05-12T15:38:04","slug":"dreistreifiges-pool-handtuch","status":"publish","type":"product","link":"https:\/\/acmetextiles.com\/de\/product\/dreistreifiges-pool-handtuch\/","title":{"rendered":"Three Stripe Pool Towels"},"content":{"rendered":"<table>\n<tbody>\n<tr>\n<th style=\"background: #eee;\">ITEM CODE<\/th>\n<th style=\"background: #eee;\">DESCRIPTION<\/th>\n<th style=\"background: #eee;\">SIZE<\/th>\n<th style=\"background: #eee;\">WEIGHT<\/th>\n<th style=\"background: #eee;\">PACKING (PIECES\/CASE)<\/th>\n<\/tr>\n<tr>\n<td>010503<\/td>\n<td>Gold Stripes<\/td>\n<td>30 x 58 in<br \/>\n76 x 147 cm<\/td>\n<td>9.00 lbs<\/td>\n<td>60<\/td>\n<\/tr>\n<tr style=\"background: #eee;\">\n<td>010504<\/td>\n<td>Blue Stripes<\/td>\n<td>30 x 58 in<br \/>\n76 x 147 cm<\/td>\n<td>9.00 lbs<\/td>\n<td>60<\/td>\n<\/tr>\n<tr>\n<td>010505<\/td>\n<td>Green Stripes<\/td>\n<td>30 x 58 in<br \/>\n76 x 147 cm<\/td>\n<td>9.00 lbs<\/td>\n<td>60<\/td>\n<\/tr>\n<\/tbody>\n<\/table>\n<p><strong>Note:<\/strong> All items can be customized as per your weight, size, color, fabric, and other design-related requirements.<\/p>\n<h3>Additional Information<\/h3>\n<ul>\n<li>Made with 100% premium cotton, our Three Stripes Pool Towels are sophisticated, comfortable, and absorbent, best for hospitality use.<\/li>\n<li>The towel is fade-resistant and withstands harsh chemicals.<\/li>\n<li>Hems are lock stitched and bar-tacked for longer life and less fraying.<\/li>\n<li>Used in the hospitality business for hotels, motels, beach resorts, cottages, vacation rentals, short-term rentals, Airbnb, health clubs, country clubs, gyms, and swimming pools.<\/li>\n<li>Durable carton packaging keeps the loops uniform and safe from becoming compressed, increases the life of towels, and helps in easy storage and handling.<\/li>\n<\/ul>\n<p><span data-preserver-spaces=\"true\">\u00a0<\/span><\/p>\n","protected":false},"excerpt":{"rendered":"<ul>\n<li>Engineered with high-quality, 100% premium cotton.<\/li>\n<li>To add endurance and durability, these towels are hemmed using a lock stitch.<\/li>\n<li>Soft and high-absorbent pool towels with extra long size, long-lasting durability, and very reasonable price.<\/li>\n<\/ul>\n","protected":false},"featured_media":5938,"comment_status":"closed","ping_status":"closed","template":"","meta":{"_acf_changed":false},"product_brand":[],"product_cat":[57,52],"product_tag":[],"class_list":{"0":"post-5937","1":"product","2":"type-product","3":"status-publish","4":"has-post-thumbnail","6":"product_cat-strand-poolhandtucher","7":"product_cat-towels","9":"first","10":"instock","11":"shipping-taxable","12":"product-type-simple"},"acf":[],"yoast_head":"<!-- This site is optimized with the Yoast SEO plugin v27.3 - https:\/\/yoast.com\/product\/yoast-seo-wordpress\/ -->\n<title>Drei-Streifen-Poolhandt\u00fccher | Gro\u00dfe Poolhandt\u00fccher<\/title>\n<meta name=\"description\" content=\"Luxuri\u00f6se gro\u00dfe Poolhandt\u00fccher mit stilvollem Drei-Streifen-Design von Acme Textile \u2013 f\u00fchrend im Export f\u00fcr Hotels und Resorts weltweit.\" \/>\n<meta name=\"robots\" content=\"index, follow, max-snippet:-1, max-image-preview:large, max-video-preview:-1\" \/>\n<link rel=\"canonical\" href=\"https:\/\/acmetextiles.com\/de\/product\/dreistreifiges-pool-handtuch\/\" \/>\n<meta property=\"og:locale\" content=\"en_US\" \/>\n<meta property=\"og:type\" content=\"article\" \/>\n<meta property=\"og:title\" content=\"Drei-Streifen-Poolhandt\u00fccher | Gro\u00dfe Poolhandt\u00fccher\" \/>\n<meta property=\"og:description\" content=\"Luxuri\u00f6se gro\u00dfe Poolhandt\u00fccher mit stilvollem Drei-Streifen-Design von Acme Textile \u2013 f\u00fchrend im Export f\u00fcr Hotels und Resorts weltweit.\" \/>\n<meta property=\"og:url\" content=\"https:\/\/acmetextiles.com\/de\/product\/dreistreifiges-pool-handtuch\/\" \/>\n<meta property=\"og:site_name\" content=\"Acme Textiles\" \/>\n<meta property=\"article:publisher\" content=\"https:\/\/www.facebook.com\/ACME-Mills-Private-Limited-172715946475693\/\" \/>\n<meta property=\"article:modified_time\" content=\"2025-05-12T15:38:04+00:00\" \/>\n<meta property=\"og:image\" content=\"https:\/\/acmetextiles.com\/de\/wp-content\/uploads\/2025\/04\/3-striped-.jpg\" \/>\n\t<meta property=\"og:image:width\" content=\"850\" \/>\n\t<meta property=\"og:image:height\" content=\"850\" \/>\n\t<meta property=\"og:image:type\" content=\"image\/jpeg\" \/>\n<meta name=\"twitter:card\" content=\"summary_large_image\" \/>\n<meta name=\"twitter:label1\" content=\"Est. reading time\" \/>\n\t<meta name=\"twitter:data1\" content=\"1 minute\" \/>\n<script type=\"application\/ld+json\" class=\"yoast-schema-graph\">{\"@context\":\"https:\\\/\\\/schema.org\",\"@graph\":[{\"@type\":\"WebPage\",\"@id\":\"https:\\\/\\\/acmetextiles.com\\\/de\\\/product\\\/dreistreifiges-pool-handtuch\\\/\",\"url\":\"https:\\\/\\\/acmetextiles.com\\\/de\\\/product\\\/dreistreifiges-pool-handtuch\\\/\",\"name\":\"Drei-Streifen-Poolhandt\u00fccher | Gro\u00dfe Poolhandt\u00fccher\",\"isPartOf\":{\"@id\":\"https:\\\/\\\/acmetextiles.com\\\/de\\\/#website\"},\"primaryImageOfPage\":{\"@id\":\"https:\\\/\\\/acmetextiles.com\\\/de\\\/product\\\/dreistreifiges-pool-handtuch\\\/#primaryimage\"},\"image\":{\"@id\":\"https:\\\/\\\/acmetextiles.com\\\/de\\\/product\\\/dreistreifiges-pool-handtuch\\\/#primaryimage\"},\"thumbnailUrl\":\"https:\\\/\\\/acmetextiles.com\\\/de\\\/wp-content\\\/uploads\\\/2025\\\/04\\\/3-striped-.jpg\",\"datePublished\":\"2021-11-23T05:45:48+00:00\",\"dateModified\":\"2025-05-12T15:38:04+00:00\",\"description\":\"Luxuri\u00f6se gro\u00dfe Poolhandt\u00fccher mit stilvollem Drei-Streifen-Design von Acme Textile \u2013 f\u00fchrend im Export f\u00fcr Hotels und Resorts weltweit.\",\"breadcrumb\":{\"@id\":\"https:\\\/\\\/acmetextiles.com\\\/de\\\/product\\\/dreistreifiges-pool-handtuch\\\/#breadcrumb\"},\"inLanguage\":\"en-US\",\"potentialAction\":[{\"@type\":\"ReadAction\",\"target\":[\"https:\\\/\\\/acmetextiles.com\\\/de\\\/product\\\/dreistreifiges-pool-handtuch\\\/\"]}]},{\"@type\":\"ImageObject\",\"inLanguage\":\"en-US\",\"@id\":\"https:\\\/\\\/acmetextiles.com\\\/de\\\/product\\\/dreistreifiges-pool-handtuch\\\/#primaryimage\",\"url\":\"https:\\\/\\\/acmetextiles.com\\\/de\\\/wp-content\\\/uploads\\\/2025\\\/04\\\/3-striped-.jpg\",\"contentUrl\":\"https:\\\/\\\/acmetextiles.com\\\/de\\\/wp-content\\\/uploads\\\/2025\\\/04\\\/3-striped-.jpg\",\"width\":850,\"height\":850,\"caption\":\"Three Stripe Pool Towels\"},{\"@type\":\"BreadcrumbList\",\"@id\":\"https:\\\/\\\/acmetextiles.com\\\/de\\\/product\\\/dreistreifiges-pool-handtuch\\\/#breadcrumb\",\"itemListElement\":[{\"@type\":\"ListItem\",\"position\":1,\"name\":\"Home\",\"item\":\"https:\\\/\\\/acmetextiles.com\\\/de\\\/\"},{\"@type\":\"ListItem\",\"position\":2,\"name\":\"Shop\",\"item\":\"https:\\\/\\\/acmetextiles.com\\\/de\\\/shop\\\/\"},{\"@type\":\"ListItem\",\"position\":3,\"name\":\"Three Stripe Pool Towels\"}]},{\"@type\":\"WebSite\",\"@id\":\"https:\\\/\\\/acmetextiles.com\\\/de\\\/#website\",\"url\":\"https:\\\/\\\/acmetextiles.com\\\/de\\\/\",\"name\":\"Acme Textiles\",\"description\":\"\",\"publisher\":{\"@id\":\"https:\\\/\\\/acmetextiles.com\\\/de\\\/#organization\"},\"potentialAction\":[{\"@type\":\"SearchAction\",\"target\":{\"@type\":\"EntryPoint\",\"urlTemplate\":\"https:\\\/\\\/acmetextiles.com\\\/de\\\/?s={search_term_string}\"},\"query-input\":{\"@type\":\"PropertyValueSpecification\",\"valueRequired\":true,\"valueName\":\"search_term_string\"}}],\"inLanguage\":\"en-US\"},{\"@type\":\"Organization\",\"@id\":\"https:\\\/\\\/acmetextiles.com\\\/de\\\/#organization\",\"name\":\"Acme Textiles\",\"url\":\"https:\\\/\\\/acmetextiles.com\\\/de\\\/\",\"logo\":{\"@type\":\"ImageObject\",\"inLanguage\":\"en-US\",\"@id\":\"https:\\\/\\\/acmetextiles.com\\\/de\\\/#\\\/schema\\\/logo\\\/image\\\/\",\"url\":\"https:\\\/\\\/acmetextiles.com\\\/de\\\/wp-content\\\/uploads\\\/2018\\\/07\\\/logo.png\",\"contentUrl\":\"https:\\\/\\\/acmetextiles.com\\\/de\\\/wp-content\\\/uploads\\\/2018\\\/07\\\/logo.png\",\"width\":880,\"height\":333,\"caption\":\"Acme Textiles\"},\"image\":{\"@id\":\"https:\\\/\\\/acmetextiles.com\\\/de\\\/#\\\/schema\\\/logo\\\/image\\\/\"},\"sameAs\":[\"https:\\\/\\\/www.facebook.com\\\/ACME-Mills-Private-Limited-172715946475693\\\/\",\"https:\\\/\\\/www.linkedin.com\\\/company\\\/13195014\\\/admin\\\/feed\\\/posts\\\/\",\"https:\\\/\\\/www.instagram.com\\\/acmemills.pvt.ltd\\\/\"]}]}<\/script>\n<!-- \/ Yoast SEO plugin. -->","yoast_head_json":{"title":"Drei-Streifen-Poolhandt\u00fccher | Gro\u00dfe Poolhandt\u00fccher","description":"Luxuri\u00f6se gro\u00dfe Poolhandt\u00fccher mit stilvollem Drei-Streifen-Design von Acme Textile \u2013 f\u00fchrend im Export f\u00fcr Hotels und Resorts weltweit.","robots":{"index":"index","follow":"follow","max-snippet":"max-snippet:-1","max-image-preview":"max-image-preview:large","max-video-preview":"max-video-preview:-1"},"canonical":"https:\/\/acmetextiles.com\/de\/product\/dreistreifiges-pool-handtuch\/","og_locale":"en_US","og_type":"article","og_title":"Drei-Streifen-Poolhandt\u00fccher | Gro\u00dfe Poolhandt\u00fccher","og_description":"Luxuri\u00f6se gro\u00dfe Poolhandt\u00fccher mit stilvollem Drei-Streifen-Design von Acme Textile \u2013 f\u00fchrend im Export f\u00fcr Hotels und Resorts weltweit.","og_url":"https:\/\/acmetextiles.com\/de\/product\/dreistreifiges-pool-handtuch\/","og_site_name":"Acme Textiles","article_publisher":"https:\/\/www.facebook.com\/ACME-Mills-Private-Limited-172715946475693\/","article_modified_time":"2025-05-12T15:38:04+00:00","og_image":[{"width":850,"height":850,"url":"https:\/\/acmetextiles.com\/de\/wp-content\/uploads\/2025\/04\/3-striped-.jpg","type":"image\/jpeg"}],"twitter_card":"summary_large_image","twitter_misc":{"Est. reading time":"1 minute"},"schema":{"@context":"https:\/\/schema.org","@graph":[{"@type":"WebPage","@id":"https:\/\/acmetextiles.com\/de\/product\/dreistreifiges-pool-handtuch\/","url":"https:\/\/acmetextiles.com\/de\/product\/dreistreifiges-pool-handtuch\/","name":"Drei-Streifen-Poolhandt\u00fccher | Gro\u00dfe Poolhandt\u00fccher","isPartOf":{"@id":"https:\/\/acmetextiles.com\/de\/#website"},"primaryImageOfPage":{"@id":"https:\/\/acmetextiles.com\/de\/product\/dreistreifiges-pool-handtuch\/#primaryimage"},"image":{"@id":"https:\/\/acmetextiles.com\/de\/product\/dreistreifiges-pool-handtuch\/#primaryimage"},"thumbnailUrl":"https:\/\/acmetextiles.com\/de\/wp-content\/uploads\/2025\/04\/3-striped-.jpg","datePublished":"2021-11-23T05:45:48+00:00","dateModified":"2025-05-12T15:38:04+00:00","description":"Luxuri\u00f6se gro\u00dfe Poolhandt\u00fccher mit stilvollem Drei-Streifen-Design von Acme Textile \u2013 f\u00fchrend im Export f\u00fcr Hotels und Resorts weltweit.","breadcrumb":{"@id":"https:\/\/acmetextiles.com\/de\/product\/dreistreifiges-pool-handtuch\/#breadcrumb"},"inLanguage":"en-US","potentialAction":[{"@type":"ReadAction","target":["https:\/\/acmetextiles.com\/de\/product\/dreistreifiges-pool-handtuch\/"]}]},{"@type":"ImageObject","inLanguage":"en-US","@id":"https:\/\/acmetextiles.com\/de\/product\/dreistreifiges-pool-handtuch\/#primaryimage","url":"https:\/\/acmetextiles.com\/de\/wp-content\/uploads\/2025\/04\/3-striped-.jpg","contentUrl":"https:\/\/acmetextiles.com\/de\/wp-content\/uploads\/2025\/04\/3-striped-.jpg","width":850,"height":850,"caption":"Three Stripe Pool Towels"},{"@type":"BreadcrumbList","@id":"https:\/\/acmetextiles.com\/de\/product\/dreistreifiges-pool-handtuch\/#breadcrumb","itemListElement":[{"@type":"ListItem","position":1,"name":"Home","item":"https:\/\/acmetextiles.com\/de\/"},{"@type":"ListItem","position":2,"name":"Shop","item":"https:\/\/acmetextiles.com\/de\/shop\/"},{"@type":"ListItem","position":3,"name":"Three Stripe Pool Towels"}]},{"@type":"WebSite","@id":"https:\/\/acmetextiles.com\/de\/#website","url":"https:\/\/acmetextiles.com\/de\/","name":"Acme Textiles","description":"","publisher":{"@id":"https:\/\/acmetextiles.com\/de\/#organization"},"potentialAction":[{"@type":"SearchAction","target":{"@type":"EntryPoint","urlTemplate":"https:\/\/acmetextiles.com\/de\/?s={search_term_string}"},"query-input":{"@type":"PropertyValueSpecification","valueRequired":true,"valueName":"search_term_string"}}],"inLanguage":"en-US"},{"@type":"Organization","@id":"https:\/\/acmetextiles.com\/de\/#organization","name":"Acme Textiles","url":"https:\/\/acmetextiles.com\/de\/","logo":{"@type":"ImageObject","inLanguage":"en-US","@id":"https:\/\/acmetextiles.com\/de\/#\/schema\/logo\/image\/","url":"https:\/\/acmetextiles.com\/de\/wp-content\/uploads\/2018\/07\/logo.png","contentUrl":"https:\/\/acmetextiles.com\/de\/wp-content\/uploads\/2018\/07\/logo.png","width":880,"height":333,"caption":"Acme Textiles"},"image":{"@id":"https:\/\/acmetextiles.com\/de\/#\/schema\/logo\/image\/"},"sameAs":["https:\/\/www.facebook.com\/ACME-Mills-Private-Limited-172715946475693\/","https:\/\/www.linkedin.com\/company\/13195014\/admin\/feed\/posts\/","https:\/\/www.instagram.com\/acmemills.pvt.ltd\/"]}]}},"_links":{"self":[{"href":"https:\/\/acmetextiles.com\/de\/wp-json\/wp\/v2\/product\/5937","targetHints":{"allow":["GET"]}}],"collection":[{"href":"https:\/\/acmetextiles.com\/de\/wp-json\/wp\/v2\/product"}],"about":[{"href":"https:\/\/acmetextiles.com\/de\/wp-json\/wp\/v2\/types\/product"}],"replies":[{"embeddable":true,"href":"https:\/\/acmetextiles.com\/de\/wp-json\/wp\/v2\/comments?post=5937"}],"wp:featuredmedia":[{"embeddable":true,"href":"https:\/\/acmetextiles.com\/de\/wp-json\/wp\/v2\/media\/5938"}],"wp:attachment":[{"href":"https:\/\/acmetextiles.com\/de\/wp-json\/wp\/v2\/media?parent=5937"}],"wp:term":[{"taxonomy":"product_brand","embeddable":true,"href":"https:\/\/acmetextiles.com\/de\/wp-json\/wp\/v2\/product_brand?post=5937"},{"taxonomy":"product_cat","embeddable":true,"href":"https:\/\/acmetextiles.com\/de\/wp-json\/wp\/v2\/product_cat?post=5937"},{"taxonomy":"product_tag","embeddable":true,"href":"https:\/\/acmetextiles.com\/de\/wp-json\/wp\/v2\/product_tag?post=5937"}],"curies":[{"name":"wp","href":"https:\/\/api.w.org\/{rel}","templated":true}]}}