{"id":6117,"date":"2021-11-23T05:52:41","date_gmt":"2021-11-23T05:52:41","guid":{"rendered":"https:\/\/acmetextiles.com\/de\/?post_type=product&#038;p=6117"},"modified":"2025-05-20T14:42:11","modified_gmt":"2025-05-20T14:42:11","slug":"t-300-luxus-bettlaken","status":"publish","type":"product","link":"https:\/\/acmetextiles.com\/de\/product\/t-300-luxus-bettlaken\/","title":{"rendered":"T-300 Luxus Bettlaken"},"content":{"rendered":"<p>&nbsp;<\/p>\n<table>\n<tbody>\n<tr>\n<th style=\"background: #eee;\">ITEM CODE<\/th>\n<th style=\"background: #eee;\">DESCRIPTION<\/th>\n<th style=\"background: #eee;\">SIZE<\/th>\n<th style=\"background: #eee;\">PACKING (PIECES\/CASE)<\/th>\n<\/tr>\n<tr>\n<td style=\"text-align: center;\">020721<\/td>\n<td style=\"text-align: center;\">Twin Flat<\/td>\n<td style=\"text-align: center;\">70 x 111 in<br \/>\n178 x 282 cm<\/td>\n<td style=\"text-align: center;\">24<\/td>\n<\/tr>\n<tr style=\"background: #eee;\">\n<td style=\"text-align: center;\">020722<\/td>\n<td style=\"text-align: center;\">Twin Fitted<\/td>\n<td style=\"text-align: center;\">39 x 80 x 15 in<br \/>\n99 x 203 x 38 cm<\/td>\n<td style=\"text-align: center;\">24<\/td>\n<\/tr>\n<tr>\n<td style=\"text-align: center;\">020723<\/td>\n<td style=\"text-align: center;\">Full Flat<\/td>\n<td style=\"text-align: center;\">86 x 111 in<br \/>\n218 x 282 cm<\/td>\n<td style=\"text-align: center;\">24<\/td>\n<\/tr>\n<tr style=\"background: #eee;\">\n<td style=\"text-align: center;\">020724<\/td>\n<td style=\"text-align: center;\">Full Fitted<\/td>\n<td style=\"text-align: center;\">54 x 80 x 15 in<br \/>\n137 x 203 x 38 cm<\/td>\n<td style=\"text-align: center;\">24<\/td>\n<\/tr>\n<tr>\n<td style=\"text-align: center;\">020715<\/td>\n<td style=\"text-align: center;\">Queen Flat<\/td>\n<td style=\"text-align: center;\">96 x 121 in<br \/>\n244 x 307 cm<\/td>\n<td style=\"text-align: center;\">24<\/td>\n<\/tr>\n<tr style=\"background: #eee;\">\n<td style=\"text-align: center;\">020716<\/td>\n<td style=\"text-align: center;\">Queen Fitted<\/td>\n<td style=\"text-align: center;\">60 x 80 x 18 in<br \/>\n152 x 203 x 46 cm<\/td>\n<td style=\"text-align: center;\">24<\/td>\n<\/tr>\n<tr>\n<td style=\"text-align: center;\">020717<\/td>\n<td style=\"text-align: center;\">King Flat<\/td>\n<td style=\"text-align: center;\">120 x 121 in<br \/>\n305 x 307 cm<\/td>\n<td style=\"text-align: center;\">24<\/td>\n<\/tr>\n<tr style=\"background: #eee;\">\n<td style=\"text-align: center;\">020718<\/td>\n<td style=\"text-align: center;\">King Fitted<\/td>\n<td style=\"text-align: center;\">78 x 80 x 18 in<br \/>\n198 x 203 x 46 cm<\/td>\n<td style=\"text-align: center;\">24<\/td>\n<\/tr>\n<tr>\n<td style=\"text-align: center;\">020719<\/td>\n<td style=\"text-align: center;\">Standard<\/td>\n<td style=\"text-align: center;\">20 x 32 in<br \/>\n50 x 80 cm<\/td>\n<td style=\"text-align: center;\">72<\/td>\n<\/tr>\n<tr style=\"background: #eee;\">\n<td style=\"text-align: center;\">020720<\/td>\n<td style=\"text-align: center;\">King<\/td>\n<td style=\"text-align: center;\">20 x 43 in<br \/>\n50 x 110 cm<\/td>\n<td style=\"text-align: center;\">72<\/td>\n<\/tr>\n<\/tbody>\n<\/table>\n<p><strong>Note:<\/strong> All items can be customized per your weight, size, color, fabric, and other design-related requirements.<\/p>\n<p><strong>Additional Information<\/strong><\/p>\n<p>The T-300 Combed Cotton Luxury Sheet remains our premium quality\u00a0<a href=\"https:\/\/dzeeusa.com\/bed-sheets.html\">bed sheet<\/a>\u00a0to ensure that you, the customer, get a first-class product. Go first class NOW!<\/p>\n<ul>\n<li style=\"list-style-type: none;\">\n<ul>\n<li>Made with 100% ring-spun premium long-staple combed cotton yarn for a soft and plush feel.<\/li>\n<li>Features a luxury weave.<\/li>\n<li>Double signed, mercerized, and calendared for softness and a crisp look.<\/li>\n<li>3-inch top hem, 1-inch bottom hem for a luxurious look.<\/li>\n<li>Engineered for institutional laundering.<\/li>\n<li>Micro white finished for a bright and vibrant look.<\/li>\n<li>Color-coded hem, label, insert, and carton packed for easy identification.<\/li>\n<\/ul>\n<\/li>\n<\/ul>\n","protected":false},"excerpt":{"rendered":"<ul>\n<li>Features a luxurious sateen finish, providing a smooth &amp;amp; lustrous surface that feels incredibly soft against your skin.<\/li>\n<li>Elegant 5mm tone-on-tone stripes add a touch of sophistication to your hotel room, creating a stylish and refined look for your guests.<\/li>\n<li>Polycotton blend creates a perfect balance of softness and durability, which will reduce a hotel\u2019s annual linen budget.<\/li>\n<li>Easy maintenance, such as reduced wrinkling, shrinking &amp;amp; fading.<\/li>\n<li>Finished with a crease-resistant treatment to avoid wrinkling and the hassle of ironing.<\/li>\n<li>Loom-locked natural selvages and double needle stitching for longevity &amp;amp; durability.<\/li>\n<li>Flat and fitted sheets are available in king, queen, full, and twin sizes.<\/li>\n<\/ul>\n","protected":false},"featured_media":6118,"comment_status":"closed","ping_status":"closed","template":"","meta":{"_acf_changed":false},"product_brand":[],"product_cat":[60,65],"product_tag":[],"class_list":{"0":"post-6117","1":"product","2":"type-product","3":"status-publish","4":"has-post-thumbnail","6":"product_cat-bed-linen","7":"product_cat-t-300-luxus-bettlaken","9":"first","10":"instock","11":"shipping-taxable","12":"product-type-simple"},"acf":[],"yoast_head":"<!-- This site is optimized with the Yoast SEO plugin v27.3 - https:\/\/yoast.com\/product\/yoast-seo-wordpress\/ -->\n<title>Wei\u00dfe Satin-Bettw\u00e4sche | Gro\u00dfhandel &amp; Global Exporter<\/title>\n<meta name=\"description\" content=\"Hochwertige wei\u00dfe Satin-Bettw\u00e4sche von Acme Textiles - Gro\u00dfhandelspreise, weltweiter Exporteur. Vertraut seit 1965.\" \/>\n<meta name=\"robots\" content=\"index, follow, max-snippet:-1, max-image-preview:large, max-video-preview:-1\" \/>\n<link rel=\"canonical\" href=\"https:\/\/acmetextiles.com\/de\/product\/t-300-luxus-bettlaken\/\" \/>\n<meta property=\"og:locale\" content=\"en_US\" \/>\n<meta property=\"og:type\" content=\"article\" \/>\n<meta property=\"og:title\" content=\"Wei\u00dfe Satin-Bettw\u00e4sche | Gro\u00dfhandel &amp; Global Exporter\" \/>\n<meta property=\"og:description\" content=\"Hochwertige wei\u00dfe Satin-Bettw\u00e4sche von Acme Textiles - Gro\u00dfhandelspreise, weltweiter Exporteur. Vertraut seit 1965.\" \/>\n<meta property=\"og:url\" content=\"https:\/\/acmetextiles.com\/de\/product\/t-300-luxus-bettlaken\/\" \/>\n<meta property=\"og:site_name\" content=\"Acme Textiles\" \/>\n<meta property=\"article:publisher\" content=\"https:\/\/www.facebook.com\/ACME-Mills-Private-Limited-172715946475693\/\" \/>\n<meta property=\"article:modified_time\" content=\"2025-05-20T14:42:11+00:00\" \/>\n<meta property=\"og:image\" content=\"https:\/\/acmetextiles.com\/de\/wp-content\/uploads\/2025\/04\/Rytoei-300.jpg\" \/>\n\t<meta property=\"og:image:width\" content=\"850\" \/>\n\t<meta property=\"og:image:height\" content=\"850\" \/>\n\t<meta property=\"og:image:type\" content=\"image\/jpeg\" \/>\n<meta name=\"twitter:card\" content=\"summary_large_image\" \/>\n<meta name=\"twitter:label1\" content=\"Est. reading time\" \/>\n\t<meta name=\"twitter:data1\" content=\"2 minutes\" \/>\n<script type=\"application\/ld+json\" class=\"yoast-schema-graph\">{\"@context\":\"https:\\\/\\\/schema.org\",\"@graph\":[{\"@type\":\"WebPage\",\"@id\":\"https:\\\/\\\/acmetextiles.com\\\/de\\\/product\\\/t-300-luxus-bettlaken\\\/\",\"url\":\"https:\\\/\\\/acmetextiles.com\\\/de\\\/product\\\/t-300-luxus-bettlaken\\\/\",\"name\":\"Wei\u00dfe Satin-Bettw\u00e4sche | Gro\u00dfhandel & Global Exporter\",\"isPartOf\":{\"@id\":\"https:\\\/\\\/acmetextiles.com\\\/de\\\/#website\"},\"primaryImageOfPage\":{\"@id\":\"https:\\\/\\\/acmetextiles.com\\\/de\\\/product\\\/t-300-luxus-bettlaken\\\/#primaryimage\"},\"image\":{\"@id\":\"https:\\\/\\\/acmetextiles.com\\\/de\\\/product\\\/t-300-luxus-bettlaken\\\/#primaryimage\"},\"thumbnailUrl\":\"https:\\\/\\\/acmetextiles.com\\\/de\\\/wp-content\\\/uploads\\\/2025\\\/04\\\/Rytoei-300.jpg\",\"datePublished\":\"2021-11-23T05:52:41+00:00\",\"dateModified\":\"2025-05-20T14:42:11+00:00\",\"description\":\"Hochwertige wei\u00dfe Satin-Bettw\u00e4sche von Acme Textiles - Gro\u00dfhandelspreise, weltweiter Exporteur. Vertraut seit 1965.\",\"breadcrumb\":{\"@id\":\"https:\\\/\\\/acmetextiles.com\\\/de\\\/product\\\/t-300-luxus-bettlaken\\\/#breadcrumb\"},\"inLanguage\":\"en-US\",\"potentialAction\":[{\"@type\":\"ReadAction\",\"target\":[\"https:\\\/\\\/acmetextiles.com\\\/de\\\/product\\\/t-300-luxus-bettlaken\\\/\"]}]},{\"@type\":\"ImageObject\",\"inLanguage\":\"en-US\",\"@id\":\"https:\\\/\\\/acmetextiles.com\\\/de\\\/product\\\/t-300-luxus-bettlaken\\\/#primaryimage\",\"url\":\"https:\\\/\\\/acmetextiles.com\\\/de\\\/wp-content\\\/uploads\\\/2025\\\/04\\\/Rytoei-300.jpg\",\"contentUrl\":\"https:\\\/\\\/acmetextiles.com\\\/de\\\/wp-content\\\/uploads\\\/2025\\\/04\\\/Rytoei-300.jpg\",\"width\":850,\"height\":850,\"caption\":\"T-300 Luxus Bettlaken\"},{\"@type\":\"BreadcrumbList\",\"@id\":\"https:\\\/\\\/acmetextiles.com\\\/de\\\/product\\\/t-300-luxus-bettlaken\\\/#breadcrumb\",\"itemListElement\":[{\"@type\":\"ListItem\",\"position\":1,\"name\":\"Home\",\"item\":\"https:\\\/\\\/acmetextiles.com\\\/de\\\/\"},{\"@type\":\"ListItem\",\"position\":2,\"name\":\"Shop\",\"item\":\"https:\\\/\\\/acmetextiles.com\\\/de\\\/shop\\\/\"},{\"@type\":\"ListItem\",\"position\":3,\"name\":\"T-300 Luxus Bettlaken\"}]},{\"@type\":\"WebSite\",\"@id\":\"https:\\\/\\\/acmetextiles.com\\\/de\\\/#website\",\"url\":\"https:\\\/\\\/acmetextiles.com\\\/de\\\/\",\"name\":\"Acme Textiles\",\"description\":\"\",\"publisher\":{\"@id\":\"https:\\\/\\\/acmetextiles.com\\\/de\\\/#organization\"},\"potentialAction\":[{\"@type\":\"SearchAction\",\"target\":{\"@type\":\"EntryPoint\",\"urlTemplate\":\"https:\\\/\\\/acmetextiles.com\\\/de\\\/?s={search_term_string}\"},\"query-input\":{\"@type\":\"PropertyValueSpecification\",\"valueRequired\":true,\"valueName\":\"search_term_string\"}}],\"inLanguage\":\"en-US\"},{\"@type\":\"Organization\",\"@id\":\"https:\\\/\\\/acmetextiles.com\\\/de\\\/#organization\",\"name\":\"Acme Textiles\",\"url\":\"https:\\\/\\\/acmetextiles.com\\\/de\\\/\",\"logo\":{\"@type\":\"ImageObject\",\"inLanguage\":\"en-US\",\"@id\":\"https:\\\/\\\/acmetextiles.com\\\/de\\\/#\\\/schema\\\/logo\\\/image\\\/\",\"url\":\"https:\\\/\\\/acmetextiles.com\\\/de\\\/wp-content\\\/uploads\\\/2018\\\/07\\\/logo.png\",\"contentUrl\":\"https:\\\/\\\/acmetextiles.com\\\/de\\\/wp-content\\\/uploads\\\/2018\\\/07\\\/logo.png\",\"width\":880,\"height\":333,\"caption\":\"Acme Textiles\"},\"image\":{\"@id\":\"https:\\\/\\\/acmetextiles.com\\\/de\\\/#\\\/schema\\\/logo\\\/image\\\/\"},\"sameAs\":[\"https:\\\/\\\/www.facebook.com\\\/ACME-Mills-Private-Limited-172715946475693\\\/\",\"https:\\\/\\\/www.linkedin.com\\\/company\\\/13195014\\\/admin\\\/feed\\\/posts\\\/\",\"https:\\\/\\\/www.instagram.com\\\/acmemills.pvt.ltd\\\/\"]}]}<\/script>\n<!-- \/ Yoast SEO plugin. -->","yoast_head_json":{"title":"Wei\u00dfe Satin-Bettw\u00e4sche | Gro\u00dfhandel & Global Exporter","description":"Hochwertige wei\u00dfe Satin-Bettw\u00e4sche von Acme Textiles - Gro\u00dfhandelspreise, weltweiter Exporteur. Vertraut seit 1965.","robots":{"index":"index","follow":"follow","max-snippet":"max-snippet:-1","max-image-preview":"max-image-preview:large","max-video-preview":"max-video-preview:-1"},"canonical":"https:\/\/acmetextiles.com\/de\/product\/t-300-luxus-bettlaken\/","og_locale":"en_US","og_type":"article","og_title":"Wei\u00dfe Satin-Bettw\u00e4sche | Gro\u00dfhandel & Global Exporter","og_description":"Hochwertige wei\u00dfe Satin-Bettw\u00e4sche von Acme Textiles - Gro\u00dfhandelspreise, weltweiter Exporteur. Vertraut seit 1965.","og_url":"https:\/\/acmetextiles.com\/de\/product\/t-300-luxus-bettlaken\/","og_site_name":"Acme Textiles","article_publisher":"https:\/\/www.facebook.com\/ACME-Mills-Private-Limited-172715946475693\/","article_modified_time":"2025-05-20T14:42:11+00:00","og_image":[{"width":850,"height":850,"url":"https:\/\/acmetextiles.com\/de\/wp-content\/uploads\/2025\/04\/Rytoei-300.jpg","type":"image\/jpeg"}],"twitter_card":"summary_large_image","twitter_misc":{"Est. reading time":"2 minutes"},"schema":{"@context":"https:\/\/schema.org","@graph":[{"@type":"WebPage","@id":"https:\/\/acmetextiles.com\/de\/product\/t-300-luxus-bettlaken\/","url":"https:\/\/acmetextiles.com\/de\/product\/t-300-luxus-bettlaken\/","name":"Wei\u00dfe Satin-Bettw\u00e4sche | Gro\u00dfhandel & Global Exporter","isPartOf":{"@id":"https:\/\/acmetextiles.com\/de\/#website"},"primaryImageOfPage":{"@id":"https:\/\/acmetextiles.com\/de\/product\/t-300-luxus-bettlaken\/#primaryimage"},"image":{"@id":"https:\/\/acmetextiles.com\/de\/product\/t-300-luxus-bettlaken\/#primaryimage"},"thumbnailUrl":"https:\/\/acmetextiles.com\/de\/wp-content\/uploads\/2025\/04\/Rytoei-300.jpg","datePublished":"2021-11-23T05:52:41+00:00","dateModified":"2025-05-20T14:42:11+00:00","description":"Hochwertige wei\u00dfe Satin-Bettw\u00e4sche von Acme Textiles - Gro\u00dfhandelspreise, weltweiter Exporteur. Vertraut seit 1965.","breadcrumb":{"@id":"https:\/\/acmetextiles.com\/de\/product\/t-300-luxus-bettlaken\/#breadcrumb"},"inLanguage":"en-US","potentialAction":[{"@type":"ReadAction","target":["https:\/\/acmetextiles.com\/de\/product\/t-300-luxus-bettlaken\/"]}]},{"@type":"ImageObject","inLanguage":"en-US","@id":"https:\/\/acmetextiles.com\/de\/product\/t-300-luxus-bettlaken\/#primaryimage","url":"https:\/\/acmetextiles.com\/de\/wp-content\/uploads\/2025\/04\/Rytoei-300.jpg","contentUrl":"https:\/\/acmetextiles.com\/de\/wp-content\/uploads\/2025\/04\/Rytoei-300.jpg","width":850,"height":850,"caption":"T-300 Luxus Bettlaken"},{"@type":"BreadcrumbList","@id":"https:\/\/acmetextiles.com\/de\/product\/t-300-luxus-bettlaken\/#breadcrumb","itemListElement":[{"@type":"ListItem","position":1,"name":"Home","item":"https:\/\/acmetextiles.com\/de\/"},{"@type":"ListItem","position":2,"name":"Shop","item":"https:\/\/acmetextiles.com\/de\/shop\/"},{"@type":"ListItem","position":3,"name":"T-300 Luxus Bettlaken"}]},{"@type":"WebSite","@id":"https:\/\/acmetextiles.com\/de\/#website","url":"https:\/\/acmetextiles.com\/de\/","name":"Acme Textiles","description":"","publisher":{"@id":"https:\/\/acmetextiles.com\/de\/#organization"},"potentialAction":[{"@type":"SearchAction","target":{"@type":"EntryPoint","urlTemplate":"https:\/\/acmetextiles.com\/de\/?s={search_term_string}"},"query-input":{"@type":"PropertyValueSpecification","valueRequired":true,"valueName":"search_term_string"}}],"inLanguage":"en-US"},{"@type":"Organization","@id":"https:\/\/acmetextiles.com\/de\/#organization","name":"Acme Textiles","url":"https:\/\/acmetextiles.com\/de\/","logo":{"@type":"ImageObject","inLanguage":"en-US","@id":"https:\/\/acmetextiles.com\/de\/#\/schema\/logo\/image\/","url":"https:\/\/acmetextiles.com\/de\/wp-content\/uploads\/2018\/07\/logo.png","contentUrl":"https:\/\/acmetextiles.com\/de\/wp-content\/uploads\/2018\/07\/logo.png","width":880,"height":333,"caption":"Acme Textiles"},"image":{"@id":"https:\/\/acmetextiles.com\/de\/#\/schema\/logo\/image\/"},"sameAs":["https:\/\/www.facebook.com\/ACME-Mills-Private-Limited-172715946475693\/","https:\/\/www.linkedin.com\/company\/13195014\/admin\/feed\/posts\/","https:\/\/www.instagram.com\/acmemills.pvt.ltd\/"]}]}},"_links":{"self":[{"href":"https:\/\/acmetextiles.com\/de\/wp-json\/wp\/v2\/product\/6117","targetHints":{"allow":["GET"]}}],"collection":[{"href":"https:\/\/acmetextiles.com\/de\/wp-json\/wp\/v2\/product"}],"about":[{"href":"https:\/\/acmetextiles.com\/de\/wp-json\/wp\/v2\/types\/product"}],"replies":[{"embeddable":true,"href":"https:\/\/acmetextiles.com\/de\/wp-json\/wp\/v2\/comments?post=6117"}],"wp:featuredmedia":[{"embeddable":true,"href":"https:\/\/acmetextiles.com\/de\/wp-json\/wp\/v2\/media\/6118"}],"wp:attachment":[{"href":"https:\/\/acmetextiles.com\/de\/wp-json\/wp\/v2\/media?parent=6117"}],"wp:term":[{"taxonomy":"product_brand","embeddable":true,"href":"https:\/\/acmetextiles.com\/de\/wp-json\/wp\/v2\/product_brand?post=6117"},{"taxonomy":"product_cat","embeddable":true,"href":"https:\/\/acmetextiles.com\/de\/wp-json\/wp\/v2\/product_cat?post=6117"},{"taxonomy":"product_tag","embeddable":true,"href":"https:\/\/acmetextiles.com\/de\/wp-json\/wp\/v2\/product_tag?post=6117"}],"curies":[{"name":"wp","href":"https:\/\/api.w.org\/{rel}","templated":true}]}}