{"id":6122,"date":"2021-11-23T05:52:41","date_gmt":"2021-11-23T05:52:41","guid":{"rendered":"https:\/\/acmetextiles.com\/de\/?post_type=product&#038;p=6122"},"modified":"2025-05-20T14:53:05","modified_gmt":"2025-05-20T14:53:05","slug":"clusterfaser-kissen","status":"publish","type":"product","link":"https:\/\/acmetextiles.com\/de\/product\/clusterfaser-kissen\/","title":{"rendered":"Clusterfaser Kissen"},"content":{"rendered":"<div style=\"overflow-x: auto;\">\n<table>\n<tbody>\n<tr>\n<th style=\"background: #eee;\">ITEM CODE<\/th>\n<th style=\"background: #eee;\">DESCRIPTION<\/th>\n<th style=\"background: #eee;\">SIZE<\/th>\n<th style=\"background: #eee;\">FILL (OZ)<\/th>\n<th style=\"background: #eee;\">PACKING (PIECES\/CASE)<\/th>\n<\/tr>\n<tr>\n<td>030101<\/td>\n<td>Standard<\/td>\n<td>20 x 26 in<br \/>\n51 x 66 cm<\/td>\n<td>26 Oz<\/td>\n<td>12<\/td>\n<\/tr>\n<tr style=\"background: #eee;\">\n<td>030102<\/td>\n<td>Jumbo<\/td>\n<td>20 x 30 in<br \/>\n51 x 76 cm<\/td>\n<td>30 Oz<\/td>\n<td>12<\/td>\n<\/tr>\n<tr>\n<td>030103<\/td>\n<td>King<\/td>\n<td>20 x 36 in<br \/>\n51 x 91 cm<\/td>\n<td>36 Oz<\/td>\n<td>12<\/td>\n<\/tr>\n<\/tbody>\n<\/table>\n<\/div>\n<p><strong>Note:<\/strong> All items can be customized as per your weight, size, color, fabric, and other design-related requirements.<\/p>\n<p><strong>Additional Information<\/strong><\/p>\n<ul>\n<li>Made from premium hollow siliconized cluster fiber<\/li>\n<li>100% combed cotton shell<\/li>\n<li>Hypoallergenic and anti-microbial protection<\/li>\n<li>Long-lasting resiliency and softness<\/li>\n<li>Stain-resistant T-235 combed cotton ticking<\/li>\n<li>Double-needle stitching with piping to prevent unraveling<\/li>\n<li>Durability for washing and drying<\/li>\n<li>Long-lasting comfort at a cost-effective price<\/li>\n<\/ul>\n","protected":false},"excerpt":{"rendered":"<div class=\"flex max-w-full flex-col flex-grow\">\n<div class=\"min-h-8 text-message flex w-full flex-col items-end gap-2 whitespace-normal break-words [.text-message+&amp;]:mt-5\" dir=\"auto\" data-message-author-role=\"assistant\" data-message-id=\"de07ad63-2c53-4dd2-97dd-57423e304b5c\" data-message-model-slug=\"gpt-4o\">\n<div class=\"flex w-full flex-col gap-1 empty:hidden first:pt-[3px]\">\n<div class=\"markdown prose w-full break-words dark:prose-invert light\">\n<p><span style=\"color: #800000;\"><a style=\"color: #800000;\" href=\"https:\/\/acmetextiles.com\/\" target=\"_blank\" rel=\"noopener\">Acme Mills<\/a><\/span> provides cluster fiber pillows that combine softness and resilience, offering an ideal balance of comfort and durability for hospitality settings. These <a href=\"https:\/\/acmetextiles.com\/product-category\/pillows\/\" target=\"_blank\" rel=\"noopener\">pillows<\/a> are crafted with premium fiber clusters that provide exceptional support and shape retention, ensuring a luxurious sleeping experience. Perfect for hotels, they deliver long-lasting quality and elevate guest comfort with superior <span style=\"color: #800000;\"><a style=\"color: #800000;\" href=\"https:\/\/acmetextiles.com\/hospitality-textiles\/\" target=\"_blank\" rel=\"noopener\">hospitality textiles<\/a><\/span>.<\/p>\n<h3><strong>Product Features<\/strong><\/h3>\n<\/div>\n<\/div>\n<\/div>\n<\/div>\n<ul>\n<li>Manufactured with the finest virgin siliconized fibers and a 235 thread count combed cotton shell.<\/li>\n<li>Provides a medium loft and dense support while sleeping.<\/li>\n<li>Using advanced vacuum pillow-filling machinery, the fiber is evenly distributed inside the pillow shell to avoid clumping, making them soft yet firm so that it won\u2019t flatten out.<\/li>\n<li>Reinforced with double-needle stitching and rope piping to secure the edges against fraying and provide long-lasting performance.<\/li>\n<\/ul>\n","protected":false},"featured_media":6123,"comment_status":"closed","ping_status":"closed","template":"","meta":{"_acf_changed":false},"product_brand":[],"product_cat":[66,67],"product_tag":[],"class_list":{"0":"post-6122","1":"product","2":"type-product","3":"status-publish","4":"has-post-thumbnail","6":"product_cat-bedding-accessories","7":"product_cat-kissen","9":"first","10":"instock","11":"virtual","12":"product-type-simple"},"acf":[],"yoast_head":"<!-- This site is optimized with the Yoast SEO plugin v27.3 - https:\/\/yoast.com\/product\/yoast-seo-wordpress\/ -->\n<title>Clusterfaserkissen | Daunen-Alternative-Kissen<\/title>\n<meta name=\"description\" content=\"Acme Textiles \u2013 Premium-Daunenalternativen &amp; Clusterfaserkissen. Gro\u00dfhandelspreise f\u00fcr Hotels, H\u00e4ndler &amp; Export. Verschiedene Gr\u00f6\u00dfen verf\u00fcgbar.\" \/>\n<meta name=\"robots\" content=\"index, follow, max-snippet:-1, max-image-preview:large, max-video-preview:-1\" \/>\n<link rel=\"canonical\" href=\"https:\/\/acmetextiles.com\/product\/cluster-fiber-pillow\/\" \/>\n<meta property=\"og:locale\" content=\"en_US\" \/>\n<meta property=\"og:type\" content=\"article\" \/>\n<meta property=\"og:title\" content=\"Clusterfaserkissen | Daunen-Alternative-Kissen\" \/>\n<meta property=\"og:description\" content=\"Acme Textiles \u2013 Premium-Daunenalternativen &amp; Clusterfaserkissen. Gro\u00dfhandelspreise f\u00fcr Hotels, H\u00e4ndler &amp; Export. Verschiedene Gr\u00f6\u00dfen verf\u00fcgbar.\" \/>\n<meta property=\"og:url\" content=\"https:\/\/acmetextiles.com\/product\/cluster-fiber-pillow\/\" \/>\n<meta property=\"og:site_name\" content=\"Acme Textiles\" \/>\n<meta property=\"article:publisher\" content=\"https:\/\/www.facebook.com\/ACME-Mills-Private-Limited-172715946475693\/\" \/>\n<meta property=\"article:modified_time\" content=\"2025-05-20T14:53:05+00:00\" \/>\n<meta property=\"og:image\" content=\"https:\/\/acmetextiles.com\/de\/wp-content\/uploads\/2025\/04\/Cluster-Standard-Final.jpg\" \/>\n\t<meta property=\"og:image:width\" content=\"850\" \/>\n\t<meta property=\"og:image:height\" content=\"850\" \/>\n\t<meta property=\"og:image:type\" content=\"image\/jpeg\" \/>\n<meta name=\"twitter:card\" content=\"summary_large_image\" \/>\n<meta name=\"twitter:label1\" content=\"Est. reading time\" \/>\n\t<meta name=\"twitter:data1\" content=\"1 minute\" \/>\n<script type=\"application\/ld+json\" class=\"yoast-schema-graph\">{\"@context\":\"https:\\\/\\\/schema.org\",\"@graph\":[{\"@type\":\"WebPage\",\"@id\":\"https:\\\/\\\/acmetextiles.com\\\/de\\\/product\\\/clusterfaser-kissen\\\/\",\"url\":\"https:\\\/\\\/acmetextiles.com\\\/product\\\/cluster-fiber-pillow\\\/\",\"name\":\"Clusterfaserkissen | Daunen-Alternative-Kissen\",\"isPartOf\":{\"@id\":\"https:\\\/\\\/acmetextiles.com\\\/de\\\/#website\"},\"primaryImageOfPage\":{\"@id\":\"https:\\\/\\\/acmetextiles.com\\\/product\\\/cluster-fiber-pillow\\\/#primaryimage\"},\"image\":{\"@id\":\"https:\\\/\\\/acmetextiles.com\\\/product\\\/cluster-fiber-pillow\\\/#primaryimage\"},\"thumbnailUrl\":\"https:\\\/\\\/acmetextiles.com\\\/de\\\/wp-content\\\/uploads\\\/2025\\\/04\\\/Cluster-Standard-Final.jpg\",\"datePublished\":\"2021-11-23T05:52:41+00:00\",\"dateModified\":\"2025-05-20T14:53:05+00:00\",\"description\":\"Acme Textiles \u2013 Premium-Daunenalternativen & Clusterfaserkissen. Gro\u00dfhandelspreise f\u00fcr Hotels, H\u00e4ndler & Export. Verschiedene Gr\u00f6\u00dfen verf\u00fcgbar.\",\"breadcrumb\":{\"@id\":\"https:\\\/\\\/acmetextiles.com\\\/product\\\/cluster-fiber-pillow\\\/#breadcrumb\"},\"inLanguage\":\"en-US\",\"potentialAction\":[{\"@type\":\"ReadAction\",\"target\":[\"https:\\\/\\\/acmetextiles.com\\\/product\\\/cluster-fiber-pillow\\\/\"]}]},{\"@type\":\"ImageObject\",\"inLanguage\":\"en-US\",\"@id\":\"https:\\\/\\\/acmetextiles.com\\\/product\\\/cluster-fiber-pillow\\\/#primaryimage\",\"url\":\"https:\\\/\\\/acmetextiles.com\\\/de\\\/wp-content\\\/uploads\\\/2025\\\/04\\\/Cluster-Standard-Final.jpg\",\"contentUrl\":\"https:\\\/\\\/acmetextiles.com\\\/de\\\/wp-content\\\/uploads\\\/2025\\\/04\\\/Cluster-Standard-Final.jpg\",\"width\":850,\"height\":850,\"caption\":\"Clusterfaser Kissen\"},{\"@type\":\"BreadcrumbList\",\"@id\":\"https:\\\/\\\/acmetextiles.com\\\/product\\\/cluster-fiber-pillow\\\/#breadcrumb\",\"itemListElement\":[{\"@type\":\"ListItem\",\"position\":1,\"name\":\"Home\",\"item\":\"https:\\\/\\\/acmetextiles.com\\\/de\\\/\"},{\"@type\":\"ListItem\",\"position\":2,\"name\":\"Shop\",\"item\":\"https:\\\/\\\/acmetextiles.com\\\/de\\\/shop\\\/\"},{\"@type\":\"ListItem\",\"position\":3,\"name\":\"Clusterfaser Kissen\"}]},{\"@type\":\"WebSite\",\"@id\":\"https:\\\/\\\/acmetextiles.com\\\/de\\\/#website\",\"url\":\"https:\\\/\\\/acmetextiles.com\\\/de\\\/\",\"name\":\"Acme Textiles\",\"description\":\"\",\"publisher\":{\"@id\":\"https:\\\/\\\/acmetextiles.com\\\/de\\\/#organization\"},\"potentialAction\":[{\"@type\":\"SearchAction\",\"target\":{\"@type\":\"EntryPoint\",\"urlTemplate\":\"https:\\\/\\\/acmetextiles.com\\\/de\\\/?s={search_term_string}\"},\"query-input\":{\"@type\":\"PropertyValueSpecification\",\"valueRequired\":true,\"valueName\":\"search_term_string\"}}],\"inLanguage\":\"en-US\"},{\"@type\":\"Organization\",\"@id\":\"https:\\\/\\\/acmetextiles.com\\\/de\\\/#organization\",\"name\":\"Acme Textiles\",\"url\":\"https:\\\/\\\/acmetextiles.com\\\/de\\\/\",\"logo\":{\"@type\":\"ImageObject\",\"inLanguage\":\"en-US\",\"@id\":\"https:\\\/\\\/acmetextiles.com\\\/de\\\/#\\\/schema\\\/logo\\\/image\\\/\",\"url\":\"https:\\\/\\\/acmetextiles.com\\\/de\\\/wp-content\\\/uploads\\\/2018\\\/07\\\/logo.png\",\"contentUrl\":\"https:\\\/\\\/acmetextiles.com\\\/de\\\/wp-content\\\/uploads\\\/2018\\\/07\\\/logo.png\",\"width\":880,\"height\":333,\"caption\":\"Acme Textiles\"},\"image\":{\"@id\":\"https:\\\/\\\/acmetextiles.com\\\/de\\\/#\\\/schema\\\/logo\\\/image\\\/\"},\"sameAs\":[\"https:\\\/\\\/www.facebook.com\\\/ACME-Mills-Private-Limited-172715946475693\\\/\",\"https:\\\/\\\/www.linkedin.com\\\/company\\\/13195014\\\/admin\\\/feed\\\/posts\\\/\",\"https:\\\/\\\/www.instagram.com\\\/acmemills.pvt.ltd\\\/\"]}]}<\/script>\n<!-- \/ Yoast SEO plugin. -->","yoast_head_json":{"title":"Clusterfaserkissen | Daunen-Alternative-Kissen","description":"Acme Textiles \u2013 Premium-Daunenalternativen & Clusterfaserkissen. Gro\u00dfhandelspreise f\u00fcr Hotels, H\u00e4ndler & Export. Verschiedene Gr\u00f6\u00dfen verf\u00fcgbar.","robots":{"index":"index","follow":"follow","max-snippet":"max-snippet:-1","max-image-preview":"max-image-preview:large","max-video-preview":"max-video-preview:-1"},"canonical":"https:\/\/acmetextiles.com\/product\/cluster-fiber-pillow\/","og_locale":"en_US","og_type":"article","og_title":"Clusterfaserkissen | Daunen-Alternative-Kissen","og_description":"Acme Textiles \u2013 Premium-Daunenalternativen & Clusterfaserkissen. Gro\u00dfhandelspreise f\u00fcr Hotels, H\u00e4ndler & Export. Verschiedene Gr\u00f6\u00dfen verf\u00fcgbar.","og_url":"https:\/\/acmetextiles.com\/product\/cluster-fiber-pillow\/","og_site_name":"Acme Textiles","article_publisher":"https:\/\/www.facebook.com\/ACME-Mills-Private-Limited-172715946475693\/","article_modified_time":"2025-05-20T14:53:05+00:00","og_image":[{"width":850,"height":850,"url":"https:\/\/acmetextiles.com\/de\/wp-content\/uploads\/2025\/04\/Cluster-Standard-Final.jpg","type":"image\/jpeg"}],"twitter_card":"summary_large_image","twitter_misc":{"Est. reading time":"1 minute"},"schema":{"@context":"https:\/\/schema.org","@graph":[{"@type":"WebPage","@id":"https:\/\/acmetextiles.com\/de\/product\/clusterfaser-kissen\/","url":"https:\/\/acmetextiles.com\/product\/cluster-fiber-pillow\/","name":"Clusterfaserkissen | Daunen-Alternative-Kissen","isPartOf":{"@id":"https:\/\/acmetextiles.com\/de\/#website"},"primaryImageOfPage":{"@id":"https:\/\/acmetextiles.com\/product\/cluster-fiber-pillow\/#primaryimage"},"image":{"@id":"https:\/\/acmetextiles.com\/product\/cluster-fiber-pillow\/#primaryimage"},"thumbnailUrl":"https:\/\/acmetextiles.com\/de\/wp-content\/uploads\/2025\/04\/Cluster-Standard-Final.jpg","datePublished":"2021-11-23T05:52:41+00:00","dateModified":"2025-05-20T14:53:05+00:00","description":"Acme Textiles \u2013 Premium-Daunenalternativen & Clusterfaserkissen. Gro\u00dfhandelspreise f\u00fcr Hotels, H\u00e4ndler & Export. Verschiedene Gr\u00f6\u00dfen verf\u00fcgbar.","breadcrumb":{"@id":"https:\/\/acmetextiles.com\/product\/cluster-fiber-pillow\/#breadcrumb"},"inLanguage":"en-US","potentialAction":[{"@type":"ReadAction","target":["https:\/\/acmetextiles.com\/product\/cluster-fiber-pillow\/"]}]},{"@type":"ImageObject","inLanguage":"en-US","@id":"https:\/\/acmetextiles.com\/product\/cluster-fiber-pillow\/#primaryimage","url":"https:\/\/acmetextiles.com\/de\/wp-content\/uploads\/2025\/04\/Cluster-Standard-Final.jpg","contentUrl":"https:\/\/acmetextiles.com\/de\/wp-content\/uploads\/2025\/04\/Cluster-Standard-Final.jpg","width":850,"height":850,"caption":"Clusterfaser Kissen"},{"@type":"BreadcrumbList","@id":"https:\/\/acmetextiles.com\/product\/cluster-fiber-pillow\/#breadcrumb","itemListElement":[{"@type":"ListItem","position":1,"name":"Home","item":"https:\/\/acmetextiles.com\/de\/"},{"@type":"ListItem","position":2,"name":"Shop","item":"https:\/\/acmetextiles.com\/de\/shop\/"},{"@type":"ListItem","position":3,"name":"Clusterfaser Kissen"}]},{"@type":"WebSite","@id":"https:\/\/acmetextiles.com\/de\/#website","url":"https:\/\/acmetextiles.com\/de\/","name":"Acme Textiles","description":"","publisher":{"@id":"https:\/\/acmetextiles.com\/de\/#organization"},"potentialAction":[{"@type":"SearchAction","target":{"@type":"EntryPoint","urlTemplate":"https:\/\/acmetextiles.com\/de\/?s={search_term_string}"},"query-input":{"@type":"PropertyValueSpecification","valueRequired":true,"valueName":"search_term_string"}}],"inLanguage":"en-US"},{"@type":"Organization","@id":"https:\/\/acmetextiles.com\/de\/#organization","name":"Acme Textiles","url":"https:\/\/acmetextiles.com\/de\/","logo":{"@type":"ImageObject","inLanguage":"en-US","@id":"https:\/\/acmetextiles.com\/de\/#\/schema\/logo\/image\/","url":"https:\/\/acmetextiles.com\/de\/wp-content\/uploads\/2018\/07\/logo.png","contentUrl":"https:\/\/acmetextiles.com\/de\/wp-content\/uploads\/2018\/07\/logo.png","width":880,"height":333,"caption":"Acme Textiles"},"image":{"@id":"https:\/\/acmetextiles.com\/de\/#\/schema\/logo\/image\/"},"sameAs":["https:\/\/www.facebook.com\/ACME-Mills-Private-Limited-172715946475693\/","https:\/\/www.linkedin.com\/company\/13195014\/admin\/feed\/posts\/","https:\/\/www.instagram.com\/acmemills.pvt.ltd\/"]}]}},"_links":{"self":[{"href":"https:\/\/acmetextiles.com\/de\/wp-json\/wp\/v2\/product\/6122","targetHints":{"allow":["GET"]}}],"collection":[{"href":"https:\/\/acmetextiles.com\/de\/wp-json\/wp\/v2\/product"}],"about":[{"href":"https:\/\/acmetextiles.com\/de\/wp-json\/wp\/v2\/types\/product"}],"replies":[{"embeddable":true,"href":"https:\/\/acmetextiles.com\/de\/wp-json\/wp\/v2\/comments?post=6122"}],"wp:featuredmedia":[{"embeddable":true,"href":"https:\/\/acmetextiles.com\/de\/wp-json\/wp\/v2\/media\/6123"}],"wp:attachment":[{"href":"https:\/\/acmetextiles.com\/de\/wp-json\/wp\/v2\/media?parent=6122"}],"wp:term":[{"taxonomy":"product_brand","embeddable":true,"href":"https:\/\/acmetextiles.com\/de\/wp-json\/wp\/v2\/product_brand?post=6122"},{"taxonomy":"product_cat","embeddable":true,"href":"https:\/\/acmetextiles.com\/de\/wp-json\/wp\/v2\/product_cat?post=6122"},{"taxonomy":"product_tag","embeddable":true,"href":"https:\/\/acmetextiles.com\/de\/wp-json\/wp\/v2\/product_tag?post=6122"}],"curies":[{"name":"wp","href":"https:\/\/api.w.org\/{rel}","templated":true}]}}